{"id":9740,"date":"2024-03-23T01:19:23","date_gmt":"2024-03-23T01:19:23","guid":{"rendered":"https:\/\/allinpeek.shop\/?post_type=product&#038;p=9740"},"modified":"2025-11-11T19:51:58","modified_gmt":"2025-11-11T19:51:58","slug":"puma-carina-2-0-fille-rose","status":"publish","type":"product","link":"https:\/\/allinpeek.shop\/index.php\/product\/puma-carina-2-0-fille-rose\/","title":{"rendered":"PUMA CARINA 2.0 FILLE ROSE ,KIDS"},"content":{"rendered":"<p>Une jolie paire de baskets PUMA \u00e0 la ligne \u00e9pur\u00e9e. Elles offrent un confort et un style intemporel qui pourront s&rsquo;associer aussi bien \u00e0 un jean qu&rsquo;\u00e0 une robe.<\/p>\n<p>Ses atouts :<br \/>\n\u2022 Fermeture \u00e0 lacets pour un meilleur ajustement<br \/>\n\u2022 Contour de cheville matelass\u00e9 pour plus de confort<br \/>\n\u2022 Logo PUMA sur la languette, sur la semelle et sur le c\u00f4t\u00e9 pour le style<br \/>\n\u2022 R\u00e9f\u00e9rences : 386186-04 PUMA carina 2.0 Almond Blossom<\/p>\n","protected":false},"excerpt":{"rendered":"<p>Une jolie paire de baskets PUMA \u00e0 la ligne \u00e9pur\u00e9e. Elles offrent un confort et un style intemporel qui pourront s&rsquo;associer aussi bien \u00e0 un jean qu&rsquo;\u00e0 une robe. Ses atouts : \u2022 Fermeture \u00e0 lacets pour un meilleur ajustement \u2022 Contour de cheville matelass\u00e9 pour plus de confort \u2022 Logo PUMA sur la languette, [&hellip;]<\/p>\n","protected":false},"featured_media":9738,"comment_status":"open","ping_status":"closed","template":"","meta":{"om_disable_all_campaigns":false,"_monsterinsights_skip_tracking":false,"_monsterinsights_sitenote_active":false,"_monsterinsights_sitenote_note":"","_monsterinsights_sitenote_category":0},"product_cat":[18,157],"product_tag":[],"class_list":["post-9740","product","type-product","status-publish","has-post-thumbnail","hentry","product_cat-uncategorized","product_cat-promos","rtwpvs-product"],"aioseo_notices":[],"jetpack_sharing_enabled":true,"_links":{"self":[{"href":"https:\/\/allinpeek.shop\/index.php\/wp-json\/wp\/v2\/product\/9740","targetHints":{"allow":["GET"]}}],"collection":[{"href":"https:\/\/allinpeek.shop\/index.php\/wp-json\/wp\/v2\/product"}],"about":[{"href":"https:\/\/allinpeek.shop\/index.php\/wp-json\/wp\/v2\/types\/product"}],"replies":[{"embeddable":true,"href":"https:\/\/allinpeek.shop\/index.php\/wp-json\/wp\/v2\/comments?post=9740"}],"wp:featuredmedia":[{"embeddable":true,"href":"https:\/\/allinpeek.shop\/index.php\/wp-json\/wp\/v2\/media\/9738"}],"wp:attachment":[{"href":"https:\/\/allinpeek.shop\/index.php\/wp-json\/wp\/v2\/media?parent=9740"}],"wp:term":[{"taxonomy":"product_cat","embeddable":true,"href":"https:\/\/allinpeek.shop\/index.php\/wp-json\/wp\/v2\/product_cat?post=9740"},{"taxonomy":"product_tag","embeddable":true,"href":"https:\/\/allinpeek.shop\/index.php\/wp-json\/wp\/v2\/product_tag?post=9740"}],"curies":[{"name":"wp","href":"https:\/\/api.w.org\/{rel}","templated":true}]}}