{"id":9591,"date":"2024-03-20T01:43:15","date_gmt":"2024-03-20T01:43:15","guid":{"rendered":"https:\/\/allinpeek.shop\/?post_type=product&#038;p=9591"},"modified":"2025-11-11T18:45:14","modified_gmt":"2025-11-11T18:45:14","slug":"lacoste-t-clip-unisex-baskets-basses","status":"publish","type":"product","link":"https:\/\/allinpeek.shop\/index.php\/product\/lacoste-t-clip-unisex-baskets-basses\/","title":{"rendered":"LACOSTE T-CLIP UNISEX &#8211; Baskets basses , KIDS"},"content":{"rendered":"<div data-test='contact-form' id='contact-form-9591' class='wp-block-jetpack-contact-form-container '>\n<form action='https:\/\/allinpeek.shop\/index.php\/product\/lacoste-t-clip-unisex-baskets-basses\/#contact-form-9591' method='post' class='contact-form commentsblock' aria-label=\"LACOSTE T-CLIP UNISEX - Baskets basses , KIDS\" novalidate>\n\n<div style=\"\" class='grunion-field-name-wrap grunion-field-wrap'  >\n<label\n\t\t\t\tfor='g9591-nom'\n\t\t\t\tclass='grunion-field-label name'>Nom<span class=\"grunion-label-required\" aria-hidden=\"true\">(obligatoire)<\/span><\/label>\n<input\n\t\t\t\t\ttype='text'\n\t\t\t\t\tname='g9591-nom'\n\t\t\t\t\tid='g9591-nom'\n\t\t\t\t\tvalue=''\n\t\t\t\t\tclass='name  grunion-field' \n\t\t\t\t\trequired aria-required='true' \/>\n\t<\/div>\n\n<div style=\"\" class='grunion-field-email-wrap grunion-field-wrap'  >\n<label\n\t\t\t\tfor='g9591-email'\n\t\t\t\tclass='grunion-field-label email'>E-mail<span class=\"grunion-label-required\" aria-hidden=\"true\">(obligatoire)<\/span><\/label>\n<input\n\t\t\t\t\ttype='email'\n\t\t\t\t\tname='g9591-email'\n\t\t\t\t\tid='g9591-email'\n\t\t\t\t\tvalue=''\n\t\t\t\t\tclass='email  grunion-field' \n\t\t\t\t\trequired aria-required='true' \/>\n\t<\/div>\n\n<div style=\"\" class='grunion-field-url-wrap grunion-field-wrap'  >\n<label\n\t\t\t\tfor='g9591-siteweb'\n\t\t\t\tclass='grunion-field-label url'>Site web<\/label>\n<input\n\t\t\t\t\ttype='text'\n\t\t\t\t\tname='g9591-siteweb'\n\t\t\t\t\tid='g9591-siteweb'\n\t\t\t\t\tvalue=''\n\t\t\t\t\tclass='url  grunion-field' \n\t\t\t\t\ttitle=\"Veuillez saisir une URL valide - https:\/\/www.exemple.fr\" oninvalid=\"setCustomValidity(&quot;Veuillez saisir une URL valide - https:\/\/www.exemple.fr&quot;)\" oninput=\"setCustomValidity(&quot;&quot;)\" pattern=\"(?:(?:[Hh][Tt][Tt][Pp][Ss]?|[Ff][Tt][Pp]):\\\/\\\/)?(?:\\S+(?::\\S*)?@|\\d{1,3}(?:\\.\\d{1,3}){3}|(?:(?:[a-zA-Z\\d\\u00a1-\\uffff]+-?)*[a-zA-Z\\d\\u00a1-\\uffff]+)(?:\\.(?:[a-zA-Z\\d\\u00a1-\\uffff]+-?)*[a-zA-Z\\d\\u00a1-\\uffff]+)*(?:\\.[a-zA-Z\\u00a1-\\uffff]{2,6}))(?::\\d+)?(?:[^\\s]*)?\" data-type-override=\"url\"  \/>\n\t<\/div>\n\n<div style=\"\" class='grunion-field-textarea-wrap grunion-field-wrap'  >\n<label\n\t\t\t\tfor='contact-form-comment-g9591-message'\n\t\t\t\tclass='grunion-field-label textarea'>Message<\/label>\n<textarea\n\t\t                style=''\n\t\t                name='g9591-message'\n\t\t                id='contact-form-comment-g9591-message'\n\t\t                rows='20' class='textarea  grunion-field'  ><\/textarea>\n\t<\/div>\n\t<p class='contact-submit'>\n\t\t<button type='submit' class='pushbutton-wide'>Envoyer<\/button>\t\t<input type='hidden' name='contact-form-id' value='9591' \/>\n\t\t<input type='hidden' name='action' value='grunion-contact-form' \/>\n\t\t<input type='hidden' name='contact-form-hash' value='b4fa9c7d1baf9eb561993aeba20f0c305aaac941' \/>\n\t<\/p>\n<\/form>\n<\/div>\n<p>Dessus \/ Tige: Polyur\u00e9thane<br \/>\nDoublure: 100 % polyester<br \/>\nSemelle de propret\u00e9: Textile<br \/>\nSemelle d&rsquo;usure: Mati\u00e8re synth\u00e9tique<br \/>\n\u00c9paisseur de la doublure: Doublure prot\u00e9geant du froid<br \/>\nMati\u00e8re: Cuir synth\u00e9tique<\/p>\n<p>Bout de la chaussure: Rond<br \/>\nForme du talon: Plat<br \/>\nFermeture: La\u00e7age<br \/>\nInformations additionnelles: D\u00e9coupes<br \/>\nPropri\u00e9t\u00e9s: Respirant<br \/>\nR\u00e9f\u00e9rence: LA216D053-K11<\/p>\n<p>Hauteur de talon: Bas<\/p>\n","protected":false},"excerpt":{"rendered":"<p>Dessus \/ Tige: Polyur\u00e9thane Doublure: 100 % polyester Semelle de propret\u00e9: Textile Semelle d&rsquo;usure: Mati\u00e8re synth\u00e9tique \u00c9paisseur de la doublure: Doublure prot\u00e9geant du froid Mati\u00e8re: Cuir synth\u00e9tique Bout de la chaussure: Rond Forme du talon: Plat Fermeture: La\u00e7age Informations additionnelles: D\u00e9coupes Propri\u00e9t\u00e9s: Respirant R\u00e9f\u00e9rence: LA216D053-K11 Hauteur de talon: Bas<\/p>\n","protected":false},"featured_media":9585,"comment_status":"open","ping_status":"closed","template":"","meta":{"om_disable_all_campaigns":false,"_monsterinsights_skip_tracking":false,"_monsterinsights_sitenote_active":false,"_monsterinsights_sitenote_note":"","_monsterinsights_sitenote_category":0},"product_cat":[60,45,157],"product_tag":[],"class_list":["post-9591","product","type-product","status-publish","has-post-thumbnail","hentry","product_cat-chaussures-femme","product_cat-femme","product_cat-promos","rtwpvs-product"],"aioseo_notices":[],"jetpack_sharing_enabled":true,"_links":{"self":[{"href":"https:\/\/allinpeek.shop\/index.php\/wp-json\/wp\/v2\/product\/9591","targetHints":{"allow":["GET"]}}],"collection":[{"href":"https:\/\/allinpeek.shop\/index.php\/wp-json\/wp\/v2\/product"}],"about":[{"href":"https:\/\/allinpeek.shop\/index.php\/wp-json\/wp\/v2\/types\/product"}],"replies":[{"embeddable":true,"href":"https:\/\/allinpeek.shop\/index.php\/wp-json\/wp\/v2\/comments?post=9591"}],"wp:featuredmedia":[{"embeddable":true,"href":"https:\/\/allinpeek.shop\/index.php\/wp-json\/wp\/v2\/media\/9585"}],"wp:attachment":[{"href":"https:\/\/allinpeek.shop\/index.php\/wp-json\/wp\/v2\/media?parent=9591"}],"wp:term":[{"taxonomy":"product_cat","embeddable":true,"href":"https:\/\/allinpeek.shop\/index.php\/wp-json\/wp\/v2\/product_cat?post=9591"},{"taxonomy":"product_tag","embeddable":true,"href":"https:\/\/allinpeek.shop\/index.php\/wp-json\/wp\/v2\/product_tag?post=9591"}],"curies":[{"name":"wp","href":"https:\/\/api.w.org\/{rel}","templated":true}]}}