{"id":9557,"date":"2024-03-20T00:56:49","date_gmt":"2024-03-20T00:56:49","guid":{"rendered":"https:\/\/allinpeek.shop\/?post_type=product&#038;p=9557"},"modified":"2026-01-27T19:30:35","modified_gmt":"2026-01-27T19:30:35","slug":"lacoste-l005-homme-en-cuir-avec-detail-colore","status":"publish","type":"product","link":"https:\/\/allinpeek.shop\/index.php\/product\/lacoste-l005-homme-en-cuir-avec-detail-colore\/","title":{"rendered":"LACOSTE L005 HOMME  EN CUIR AVEC D\u00c9TAIL COLOR\u00c9"},"content":{"rendered":"<h2 class=\"no-tab no-desk\" style=\"margin: 0px; padding: 0px; border: 0px; font-style: normal; font-weight: inherit; line-height: inherit; font-family: Figtree,Arial,Helvetica,sans-serif; font-size: 10px; vertical-align: baseline; letter-spacing: normal; text-transform: none; text-align: left;\"><\/h2>\n<section id=\"product-description\" class=\"js-accordion-target accordion-target\" style=\"margin: 0px; padding: 0px; border: 0px; font-style: normal; font-weight: 400; line-height: inherit; font-family: Figtree,Arial,Helvetica,sans-serif; font-size: 10px; vertical-align: baseline; max-height: 460px; overflow: hidden; letter-spacing: normal; text-transform: none; text-align: left;\" aria-labelledby=\"accordion-btn\" aria-hidden=\"false\">\n<div class=\"js-accordion-child\" style=\"margin: 0px; padding: 0px; border: 0px; font-style: inherit; font-variant: inherit; font-weight: inherit; line-height: inherit; font-family: inherit; font-size: 10px; vertical-align: baseline;\">\n<div class=\"js-pdp-description-reload cell-mt-25 cell-m-24 curved--large padding-1 l-padding-top-row-small l-padding-bottom-row-small l-m-no-padding-bottom text-left\" style=\"margin: 0px; border: 0px; font-style: inherit; font-variant: inherit; font-weight: inherit; line-height: inherit; font-family: inherit; font-size: 10px; vertical-align: baseline; border-radius: 15pxflex:00auto; width: calc(24*(100vw-var(--scrollbar-width))\/25); text-align: left; padding: calc(2*(100vw-var(--scrollbar-width))\/25) calc(1*(100vw-var(--scrollbar-width))\/25) 0px calc(1*(100vw-var(--scrollbar-width))\/25);\">\n<div class=\"l-vmargin--xlarge\" style=\"margin: 0px0px30px; padding: 0px; border: 0px; font-style: inherit; font-variant: inherit; font-weight: inherit; line-height: inherit; font-family: inherit; font-size: 10px; vertical-align: baseline;\">\n<h2 class=\"font-large font-m-medium l-vmargin--xsmall\" style=\"margin: 0px0px5px; padding: 0px; border: 0px; font-style: inherit; font-variant: inherit; font-weight: 500; line-height: 2.2rem; font-family: Figtree,Arial,Helvetica,sans-serif; font-size: 1.6rem; vertical-align: baseline; text-transform: uppercase; letter-spacing: -0.04rem;\">DESCRIPTION<\/h2>\n<div class=\"font-label text-primary l-vmargin--large\" style=\"margin: 0px0px20px; padding: 0px; border: 0px; font-style: inherit; font-variant: inherit; font-weight: normal; line-height: 1.6rem; font-family: Figtree,Arial,Helvetica,sans-serif; font-size: 1.2rem; vertical-align: baseline; text-transform: uppercase; letter-spacing: 0.012rem;\">REF. 44SMA0117<\/div>\n<div class=\"font-medium font-m-small l-vmargin--large\" style=\"margin: 0px0px20px; padding: 0px; border: 0px; font-style: inherit; font-variant: inherit; font-weight: normal; line-height: 1.9rem; font-family: Figtree,Arial,Helvetica,sans-serif; font-size: 1.3rem; vertical-align: baseline;\">Un tout nouveau mod\u00e8le au charme d\u00e9j\u00e0 intemporel, la L005 r\u00e9interpr\u00e8te la sneakers classique de tous les jours, polyvalente et somptueuse. Lacoste.<\/div>\n<ul class=\"bullet-list font-medium font-m-small l-vmargin--xlarge\" style=\"margin: 0px0px30px; padding: 0px; border: 0px; font-style: inherit; font-variant: inherit; font-weight: normal; line-height: 1.9rem; font-family: Figtree,Arial,Helvetica,sans-serif; font-size: 1.3rem; vertical-align: baseline;\">\n<li class=\"flex l-vmargin--xsmall\" style=\"margin: 0px0px5px; padding: 0px; border: 0px; font-style: inherit; font-variant: inherit; font-weight: inherit; line-height: inherit; font-family: inherit; font-size: 13px; vertical-align: baseline;\"><span style=\"margin: 0px; padding: 0px; border: 0px; font-style: inherit; font-variant: inherit; font-weight: inherit; line-height: inherit; font-family: inherit; font-size: 13px; vertical-align: baseline;\">Tige enti\u00e8rement en cuir :<br \/>\nConfection incomparable. Touches color\u00e9es raffin\u00e9es.<\/span><\/li>\n<li class=\"flex l-vmargin--xsmall\" style=\"margin: 0px0px5px; padding: 0px; border: 0px; font-style: inherit; font-variant: inherit; font-weight: inherit; line-height: inherit; font-family: inherit; font-size: 13px; vertical-align: baseline;\"><span style=\"margin: 0px; padding: 0px; border: 0px; font-style: inherit; font-variant: inherit; font-weight: inherit; line-height: inherit; font-family: inherit; font-size: 13px; vertical-align: baseline;\">Style \u00ab court de tennis \u00bb avec fermeture \u00e0 lacets :<br \/>\nLook authentique, maintien optimal.<\/span><\/li>\n<li class=\"flex l-vmargin--xsmall\" style=\"margin: 0px0px5px; padding: 0px; border: 0px; font-style: inherit; font-variant: inherit; font-weight: inherit; line-height: inherit; font-family: inherit; font-size: 13px; vertical-align: baseline;\"><span style=\"margin: 0px; padding: 0px; border: 0px; font-style: inherit; font-variant: inherit; font-weight: inherit; line-height: inherit; font-family: inherit; font-size: 13px; vertical-align: baseline;\">Doublure en textile :<br \/>\nConfort longue dur\u00e9e.<\/span><\/li>\n<li class=\"flex l-vmargin--xsmall\" style=\"margin: 0px0px5px; padding: 0px; border: 0px; font-style: inherit; font-variant: inherit; font-weight: inherit; line-height: inherit; font-family: inherit; font-size: 13px; vertical-align: baseline;\"><span style=\"margin: 0px; padding: 0px; border: 0px; font-style: inherit; font-variant: inherit; font-weight: inherit; line-height: inherit; font-family: inherit; font-size: 13px; vertical-align: baseline;\">Semelle ext\u00e9rieure en caoutchouc :<br \/>\nAdh\u00e9rence absolue, quels que soient vos besoins.<\/span><\/li>\n<li class=\"flex l-vmargin--xsmall\" style=\"margin: 0px0px5px; padding: 0px; border: 0px; font-style: inherit; font-variant: inherit; font-weight: inherit; line-height: inherit; font-family: inherit; font-size: 13px; vertical-align: baseline;\"><span style=\"margin: 0px; padding: 0px; border: 0px; font-style: inherit; font-variant: inherit; font-weight: inherit; line-height: inherit; font-family: inherit; font-size: 13px; vertical-align: baseline;\">Logo crocodile emboss\u00e9 sur le talon :<br \/>\nL&#8217;embl\u00e8me signature.<\/span><\/li>\n<li class=\"flex l-vmargin--xsmall\" style=\"margin: 0px0px5px; padding: 0px; border: 0px; font-style: inherit; font-variant: inherit; font-weight: inherit; line-height: inherit; font-family: inherit; font-size: 13px; vertical-align: baseline;\"><span style=\"margin: 0px; padding: 0px; border: 0px; font-style: inherit; font-variant: inherit; font-weight: inherit; line-height: inherit; font-family: inherit; font-size: 13px; vertical-align: baseline;\">Tige: Cuir (93%), Polyester (7%) \/ Doublure: Polyester (100%) \/ Semelle interieure: Polyester (100%) \/ Semelle exterieure: Caoutchouc (100%)<\/span><\/li>\n<\/ul>\n<\/div>\n<\/div>\n<\/div>\n<\/section>\n","protected":false},"excerpt":{"rendered":"<p>DESCRIPTION REF. 44SMA0117 Un tout nouveau mod\u00e8le au charme d\u00e9j\u00e0 intemporel, la L005 r\u00e9interpr\u00e8te la sneakers classique de tous les jours, polyvalente et somptueuse. Lacoste. Tige enti\u00e8rement en cuir : Confection incomparable. Touches color\u00e9es raffin\u00e9es. Style \u00ab court de tennis \u00bb avec fermeture \u00e0 lacets : Look authentique, maintien optimal. Doublure en textile : Confort [&hellip;]<\/p>\n","protected":false},"featured_media":9551,"comment_status":"open","ping_status":"closed","template":"","meta":{"om_disable_all_campaigns":false,"_monsterinsights_skip_tracking":false,"_monsterinsights_sitenote_active":false,"_monsterinsights_sitenote_note":"","_monsterinsights_sitenote_category":0},"product_cat":[62,32],"product_tag":[],"class_list":["post-9557","product","type-product","status-publish","has-post-thumbnail","hentry","product_cat-chaussures-homme","product_cat-men","rtwpvs-product"],"aioseo_notices":[],"jetpack_sharing_enabled":true,"_links":{"self":[{"href":"https:\/\/allinpeek.shop\/index.php\/wp-json\/wp\/v2\/product\/9557","targetHints":{"allow":["GET"]}}],"collection":[{"href":"https:\/\/allinpeek.shop\/index.php\/wp-json\/wp\/v2\/product"}],"about":[{"href":"https:\/\/allinpeek.shop\/index.php\/wp-json\/wp\/v2\/types\/product"}],"replies":[{"embeddable":true,"href":"https:\/\/allinpeek.shop\/index.php\/wp-json\/wp\/v2\/comments?post=9557"}],"wp:featuredmedia":[{"embeddable":true,"href":"https:\/\/allinpeek.shop\/index.php\/wp-json\/wp\/v2\/media\/9551"}],"wp:attachment":[{"href":"https:\/\/allinpeek.shop\/index.php\/wp-json\/wp\/v2\/media?parent=9557"}],"wp:term":[{"taxonomy":"product_cat","embeddable":true,"href":"https:\/\/allinpeek.shop\/index.php\/wp-json\/wp\/v2\/product_cat?post=9557"},{"taxonomy":"product_tag","embeddable":true,"href":"https:\/\/allinpeek.shop\/index.php\/wp-json\/wp\/v2\/product_tag?post=9557"}],"curies":[{"name":"wp","href":"https:\/\/api.w.org\/{rel}","templated":true}]}}