{"id":9525,"date":"2024-03-19T23:24:37","date_gmt":"2024-03-19T23:24:37","guid":{"rendered":"https:\/\/allinpeek.shop\/?post_type=product&#038;p=9525"},"modified":"2025-11-11T18:54:01","modified_gmt":"2025-11-11T18:54:01","slug":"nike-air-jordan-2-low-origines","status":"publish","type":"product","link":"https:\/\/allinpeek.shop\/index.php\/product\/nike-air-jordan-2-low-origines\/","title":{"rendered":"NIKE Air Jordan 2 Low \u00ab\u00a0Origines\u00a0\u00bb"},"content":{"rendered":"<p>Portez une chaussure avec plus de 30 ans d&rsquo;h\u00e9ritage qui est encore fra\u00eeche aujourd&rsquo;hui. L&rsquo;AJ2 a fait ses d\u00e9buts en 1986 et \u00e9tait le petit fr\u00e8re cool de son c\u00e9l\u00e8bre pr\u00e9d\u00e9cesseur &#8211; une version plus fine et mieux combin\u00e9e du l\u00e9gendaire AJ1. Avec du cuir de qualit\u00e9 sup\u00e9rieure et une unit\u00e9 Air-Sole sous le pied, ce style r\u00e9tro offre la combinaison ultime de confort et de style.<\/p>\n<p>Couleur affich\u00e9e : Noir\/Sapin\/Gris ciment\/Rouge feu<br \/>\nMod\u00e8le : DV9956-006<\/p>\n","protected":false},"excerpt":{"rendered":"<p>Portez une chaussure avec plus de 30 ans d&rsquo;h\u00e9ritage qui est encore fra\u00eeche aujourd&rsquo;hui. L&rsquo;AJ2 a fait ses d\u00e9buts en 1986 et \u00e9tait le petit fr\u00e8re cool de son c\u00e9l\u00e8bre pr\u00e9d\u00e9cesseur &#8211; une version plus fine et mieux combin\u00e9e du l\u00e9gendaire AJ1. Avec du cuir de qualit\u00e9 sup\u00e9rieure et une unit\u00e9 Air-Sole sous le pied, [&hellip;]<\/p>\n","protected":false},"featured_media":9521,"comment_status":"open","ping_status":"closed","template":"","meta":{"om_disable_all_campaigns":false,"_monsterinsights_skip_tracking":false,"_monsterinsights_sitenote_active":false,"_monsterinsights_sitenote_note":"","_monsterinsights_sitenote_category":0},"product_cat":[62,32],"product_tag":[],"class_list":["post-9525","product","type-product","status-publish","has-post-thumbnail","hentry","product_cat-chaussures-homme","product_cat-men","rtwpvs-product"],"aioseo_notices":[],"jetpack_sharing_enabled":true,"_links":{"self":[{"href":"https:\/\/allinpeek.shop\/index.php\/wp-json\/wp\/v2\/product\/9525","targetHints":{"allow":["GET"]}}],"collection":[{"href":"https:\/\/allinpeek.shop\/index.php\/wp-json\/wp\/v2\/product"}],"about":[{"href":"https:\/\/allinpeek.shop\/index.php\/wp-json\/wp\/v2\/types\/product"}],"replies":[{"embeddable":true,"href":"https:\/\/allinpeek.shop\/index.php\/wp-json\/wp\/v2\/comments?post=9525"}],"wp:featuredmedia":[{"embeddable":true,"href":"https:\/\/allinpeek.shop\/index.php\/wp-json\/wp\/v2\/media\/9521"}],"wp:attachment":[{"href":"https:\/\/allinpeek.shop\/index.php\/wp-json\/wp\/v2\/media?parent=9525"}],"wp:term":[{"taxonomy":"product_cat","embeddable":true,"href":"https:\/\/allinpeek.shop\/index.php\/wp-json\/wp\/v2\/product_cat?post=9525"},{"taxonomy":"product_tag","embeddable":true,"href":"https:\/\/allinpeek.shop\/index.php\/wp-json\/wp\/v2\/product_tag?post=9525"}],"curies":[{"name":"wp","href":"https:\/\/api.w.org\/{rel}","templated":true}]}}