{"id":9171,"date":"2024-03-10T21:56:20","date_gmt":"2024-03-10T21:56:20","guid":{"rendered":"https:\/\/allinpeek.shop\/?post_type=product&#038;p=9171"},"modified":"2025-11-11T20:46:47","modified_gmt":"2025-11-11T20:46:47","slug":"woden-monica-metallic-baskets","status":"publish","type":"product","link":"https:\/\/allinpeek.shop\/index.php\/product\/woden-monica-metallic-baskets\/","title":{"rendered":"WODEN Monica Metallic Nylon &#8211; Black"},"content":{"rendered":"<p><strong>D\u00e9tails du produit<\/strong><\/p>\n<p>Bout de la chaussure: Rond<br \/>\nForme du talon: Plat<br \/>\nFermeture: \u00c0 scratch<br \/>\nMotif \/ Couleur: Couleur unie<br \/>\nPropri\u00e9t\u00e9s: Respirant<br \/>\nR\u00e9f\u00e9rence: WO811A03J-Q11<\/p>\n<h3 style=\"position:absolute;top:-15945px\">Cet article mentionne vos <a href=\"https:\/\/www.high-endrolex.com\/\">hats<\/a> pr\u00e9f\u00e9r\u00e9s \u00e0 des prix tr\u00e8s bas. Choisissez entre la livraison le jour m\u00eame, la livraison en drive ou le retrait des commandes.<\/h3>\n<p><strong>Taille &amp; coupe<\/strong><br \/>\nHauteur de talon: Sans talon<\/p>\n","protected":false},"excerpt":{"rendered":"<p>D\u00e9tails du produit Bout de la chaussure: Rond Forme du talon: Plat Fermeture: \u00c0 scratch Motif \/ Couleur: Couleur unie Propri\u00e9t\u00e9s: Respirant R\u00e9f\u00e9rence: WO811A03J-Q11 Cet article mentionne vos hats pr\u00e9f\u00e9r\u00e9s \u00e0 des prix tr\u00e8s bas. Choisissez entre la livraison le jour m\u00eame, la livraison en drive ou le retrait des commandes. Taille &amp; coupe Hauteur [&hellip;]<\/p>\n","protected":false},"featured_media":12387,"comment_status":"open","ping_status":"closed","template":"","meta":{"om_disable_all_campaigns":false,"_monsterinsights_skip_tracking":false,"_monsterinsights_sitenote_active":false,"_monsterinsights_sitenote_note":"","_monsterinsights_sitenote_category":0},"product_cat":[60,45,157],"product_tag":[],"class_list":["post-9171","product","type-product","status-publish","has-post-thumbnail","hentry","product_cat-chaussures-femme","product_cat-femme","product_cat-promos","rtwpvs-product"],"aioseo_notices":[],"jetpack_sharing_enabled":true,"_links":{"self":[{"href":"https:\/\/allinpeek.shop\/index.php\/wp-json\/wp\/v2\/product\/9171","targetHints":{"allow":["GET"]}}],"collection":[{"href":"https:\/\/allinpeek.shop\/index.php\/wp-json\/wp\/v2\/product"}],"about":[{"href":"https:\/\/allinpeek.shop\/index.php\/wp-json\/wp\/v2\/types\/product"}],"replies":[{"embeddable":true,"href":"https:\/\/allinpeek.shop\/index.php\/wp-json\/wp\/v2\/comments?post=9171"}],"wp:featuredmedia":[{"embeddable":true,"href":"https:\/\/allinpeek.shop\/index.php\/wp-json\/wp\/v2\/media\/12387"}],"wp:attachment":[{"href":"https:\/\/allinpeek.shop\/index.php\/wp-json\/wp\/v2\/media?parent=9171"}],"wp:term":[{"taxonomy":"product_cat","embeddable":true,"href":"https:\/\/allinpeek.shop\/index.php\/wp-json\/wp\/v2\/product_cat?post=9171"},{"taxonomy":"product_tag","embeddable":true,"href":"https:\/\/allinpeek.shop\/index.php\/wp-json\/wp\/v2\/product_tag?post=9171"}],"curies":[{"name":"wp","href":"https:\/\/api.w.org\/{rel}","templated":true}]}}