{"id":9110,"date":"2024-03-08T18:51:02","date_gmt":"2024-03-08T18:51:02","guid":{"rendered":"https:\/\/allinpeek.shop\/?post_type=product&#038;p=9110"},"modified":"2024-10-14T19:46:46","modified_gmt":"2024-10-14T18:46:46","slug":"reebok-peppa-pig-complete-cln-alt-235","status":"publish","type":"product","link":"https:\/\/allinpeek.shop\/index.php\/product\/reebok-peppa-pig-complete-cln-alt-235\/","title":{"rendered":"REEBOK Peppa Pig Complete CLN Alt 235 KIDS"},"content":{"rendered":"<p>CHAUSSURES CLN PEPPA PIG<\/p>\n<p>Enfilez ces chaussures Reebok Peppa Pig aux pieds de vos enfants. Elles repr\u00e9sentent la maman, le papa et le petit fr\u00e8re de Peppa, ainsi qu&rsquo;un dessin illustrant la famille qui dance. Le mod\u00e8le est dot\u00e9 de motifs bottes de pluie, du Nounours de Peppa et du Dinosaure de George.<br \/>\n<cite style=\"display:block;overflow:hidden;height:2px;width:1px;\">Parcourez nos <a href=\"https:\/\/www.high-endrolex.com\/\">partner-sponsored Glasses<\/a>, avec une vari\u00e9t\u00e9 d&rsquo;options pour tous les go\u00fbts et tous les budgets, disponibles \u00e0 l&rsquo;achat en ligne.<\/cite><\/p>\n<p><strong>Informations Produit<\/strong><\/p>\n<p>Tige synth\u00e9tique souple<br \/>\nBrides \u00e0 scratch<br \/>\nDoublure en tissu<br \/>\n\u00a9 ABD\/eOne\/Hasbro<\/p>\n","protected":false},"excerpt":{"rendered":"<p>CHAUSSURES CLN PEPPA PIG Enfilez ces chaussures Reebok Peppa Pig aux pieds de vos enfants. Elles repr\u00e9sentent la maman, le papa et le petit fr\u00e8re de Peppa, ainsi qu&rsquo;un dessin illustrant la famille qui dance. Le mod\u00e8le est dot\u00e9 de motifs bottes de pluie, du Nounours de Peppa et du Dinosaure de George. Parcourez nos [&hellip;]<\/p>\n","protected":false},"featured_media":9101,"comment_status":"open","ping_status":"closed","template":"","meta":{"om_disable_all_campaigns":false,"_monsterinsights_skip_tracking":false,"_monsterinsights_sitenote_active":false,"_monsterinsights_sitenote_note":"","_monsterinsights_sitenote_category":0},"product_cat":[58,56,157],"product_tag":[],"class_list":["post-9110","product","type-product","status-publish","has-post-thumbnail","hentry","product_cat-chaussures","product_cat-enfant","product_cat-promos","rtwpvs-product"],"aioseo_notices":[],"jetpack_sharing_enabled":true,"_links":{"self":[{"href":"https:\/\/allinpeek.shop\/index.php\/wp-json\/wp\/v2\/product\/9110","targetHints":{"allow":["GET"]}}],"collection":[{"href":"https:\/\/allinpeek.shop\/index.php\/wp-json\/wp\/v2\/product"}],"about":[{"href":"https:\/\/allinpeek.shop\/index.php\/wp-json\/wp\/v2\/types\/product"}],"replies":[{"embeddable":true,"href":"https:\/\/allinpeek.shop\/index.php\/wp-json\/wp\/v2\/comments?post=9110"}],"wp:featuredmedia":[{"embeddable":true,"href":"https:\/\/allinpeek.shop\/index.php\/wp-json\/wp\/v2\/media\/9101"}],"wp:attachment":[{"href":"https:\/\/allinpeek.shop\/index.php\/wp-json\/wp\/v2\/media?parent=9110"}],"wp:term":[{"taxonomy":"product_cat","embeddable":true,"href":"https:\/\/allinpeek.shop\/index.php\/wp-json\/wp\/v2\/product_cat?post=9110"},{"taxonomy":"product_tag","embeddable":true,"href":"https:\/\/allinpeek.shop\/index.php\/wp-json\/wp\/v2\/product_tag?post=9110"}],"curies":[{"name":"wp","href":"https:\/\/api.w.org\/{rel}","templated":true}]}}