{"id":9010,"date":"2024-03-08T12:13:04","date_gmt":"2024-03-08T12:13:04","guid":{"rendered":"https:\/\/allinpeek.shop\/?post_type=product&#038;p=9010"},"modified":"2025-11-11T19:59:16","modified_gmt":"2025-11-11T19:59:16","slug":"replay-fille-cobra-low-girl-basket","status":"publish","type":"product","link":"https:\/\/allinpeek.shop\/index.php\/product\/replay-fille-cobra-low-girl-basket\/","title":{"rendered":"Replay  Cobra Low  Basket, KIDS"},"content":{"rendered":"<p>Mat\u00e9riau de la semelle Caoutchouc<br \/>\nHauteur de la tige Kn\u00f6chel<br \/>\nMat\u00e9riau ext\u00e9rieur Polyur\u00e9thane (PU)<br \/>\nMat\u00e9riau int\u00e9rieur Synth\u00e9tique<br \/>\n\u00c0 <strong>propos de cet article<\/strong><\/p>\n<p>Baskets pour enfant<\/p>\n<p><strong>Description<\/strong><\/p>\n<p>Replay Baskets<\/p>\n","protected":false},"excerpt":{"rendered":"<p>Mat\u00e9riau de la semelle Caoutchouc Hauteur de la tige Kn\u00f6chel Mat\u00e9riau ext\u00e9rieur Polyur\u00e9thane (PU) Mat\u00e9riau int\u00e9rieur Synth\u00e9tique \u00c0 propos de cet article Baskets pour enfant Description Replay Baskets<\/p>\n","protected":false},"featured_media":9009,"comment_status":"open","ping_status":"closed","template":"","meta":{"om_disable_all_campaigns":false,"_monsterinsights_skip_tracking":false,"_monsterinsights_sitenote_active":false,"_monsterinsights_sitenote_note":"","_monsterinsights_sitenote_category":0},"product_cat":[58,60,56,45,157],"product_tag":[],"class_list":["post-9010","product","type-product","status-publish","has-post-thumbnail","hentry","product_cat-chaussures","product_cat-chaussures-femme","product_cat-enfant","product_cat-femme","product_cat-promos","rtwpvs-product"],"aioseo_notices":[],"jetpack_sharing_enabled":true,"_links":{"self":[{"href":"https:\/\/allinpeek.shop\/index.php\/wp-json\/wp\/v2\/product\/9010","targetHints":{"allow":["GET"]}}],"collection":[{"href":"https:\/\/allinpeek.shop\/index.php\/wp-json\/wp\/v2\/product"}],"about":[{"href":"https:\/\/allinpeek.shop\/index.php\/wp-json\/wp\/v2\/types\/product"}],"replies":[{"embeddable":true,"href":"https:\/\/allinpeek.shop\/index.php\/wp-json\/wp\/v2\/comments?post=9010"}],"wp:featuredmedia":[{"embeddable":true,"href":"https:\/\/allinpeek.shop\/index.php\/wp-json\/wp\/v2\/media\/9009"}],"wp:attachment":[{"href":"https:\/\/allinpeek.shop\/index.php\/wp-json\/wp\/v2\/media?parent=9010"}],"wp:term":[{"taxonomy":"product_cat","embeddable":true,"href":"https:\/\/allinpeek.shop\/index.php\/wp-json\/wp\/v2\/product_cat?post=9010"},{"taxonomy":"product_tag","embeddable":true,"href":"https:\/\/allinpeek.shop\/index.php\/wp-json\/wp\/v2\/product_tag?post=9010"}],"curies":[{"name":"wp","href":"https:\/\/api.w.org\/{rel}","templated":true}]}}