{"id":8773,"date":"2024-03-06T14:32:26","date_gmt":"2024-03-06T14:32:26","guid":{"rendered":"https:\/\/allinpeek.shop\/?post_type=product&#038;p=8773"},"modified":"2025-11-11T17:03:43","modified_gmt":"2025-11-11T17:03:43","slug":"ea7-emporio-armanisneakers-xsx016-xot44-m537-bleumarin-37-38","status":"publish","type":"product","link":"https:\/\/allinpeek.shop\/index.php\/product\/ea7-emporio-armanisneakers-xsx016-xot44-m537-bleumarin-37-38\/","title":{"rendered":"EA7 Emporio ArmaniSneakers  White\/gold 37 38"},"content":{"rendered":"<p><strong>D\u00e9tails<\/strong><\/p>\n<p>marque : EA7 Emporio Armani<\/p>\n<p>Couleur : White<\/p>\n<p>Couleur du fabricant : white\/gold<\/p>\n<p>Type de fermeture : Velcro<\/p>\n<p>Type de pourboire: Rond<\/p>\n<p>Type de talon : Pas de talon<\/p>\n<p>Nom du produit : XSX016 XOT44 M538<\/p>\n<p>Indice : 0000208716352<\/p>\n<p><strong>Taille et coupe<\/strong><\/p>\n<p>\u00c9paisseur de la semelle : 3 cm<\/p>\n<p>La hauteur totale de la chaussure : 10 cm<\/p>\n<p>Le poids de la chaussure : 168g<\/p>\n<p><strong>Mat\u00e9riel et entretien<\/strong><\/p>\n<ul>\n<li>chaussette : Mat\u00e9riel<\/li>\n<li>\u00e0 l&rsquo;int\u00e9rieur.: Mat\u00e9riel<\/li>\n<li>La partie sup\u00e9rieure : Simili cuir\/-Simili cuir, Mati\u00e8re\/-Mati\u00e8re<\/li>\n<li>Garniture : Fort<\/li>\n<li>Seul : Mat\u00e9riel de haute qualit\u00e9<\/li>\n<li>Contient des parties non textiles d&rsquo;origine animale<\/li>\n<\/ul>\n<p>Pas<\/p>\n","protected":false},"excerpt":{"rendered":"<p>D\u00e9tails marque : EA7 Emporio Armani Couleur : White Couleur du fabricant : white\/gold Type de fermeture : Velcro Type de pourboire: Rond Type de talon : Pas de talon Nom du produit : XSX016 XOT44 M538 Indice : 0000208716352 Taille et coupe \u00c9paisseur de la semelle : 3 cm La hauteur totale de la [&hellip;]<\/p>\n","protected":false},"featured_media":8769,"comment_status":"open","ping_status":"closed","template":"","meta":{"om_disable_all_campaigns":false,"_monsterinsights_skip_tracking":false,"_monsterinsights_sitenote_active":false,"_monsterinsights_sitenote_note":"","_monsterinsights_sitenote_category":0},"product_cat":[58,60,56,45,61],"product_tag":[],"class_list":["post-8773","product","type-product","status-publish","has-post-thumbnail","hentry","product_cat-chaussures","product_cat-chaussures-femme","product_cat-enfant","product_cat-femme","product_cat-nos-marque","rtwpvs-product"],"aioseo_notices":[],"jetpack_sharing_enabled":true,"_links":{"self":[{"href":"https:\/\/allinpeek.shop\/index.php\/wp-json\/wp\/v2\/product\/8773","targetHints":{"allow":["GET"]}}],"collection":[{"href":"https:\/\/allinpeek.shop\/index.php\/wp-json\/wp\/v2\/product"}],"about":[{"href":"https:\/\/allinpeek.shop\/index.php\/wp-json\/wp\/v2\/types\/product"}],"replies":[{"embeddable":true,"href":"https:\/\/allinpeek.shop\/index.php\/wp-json\/wp\/v2\/comments?post=8773"}],"wp:featuredmedia":[{"embeddable":true,"href":"https:\/\/allinpeek.shop\/index.php\/wp-json\/wp\/v2\/media\/8769"}],"wp:attachment":[{"href":"https:\/\/allinpeek.shop\/index.php\/wp-json\/wp\/v2\/media?parent=8773"}],"wp:term":[{"taxonomy":"product_cat","embeddable":true,"href":"https:\/\/allinpeek.shop\/index.php\/wp-json\/wp\/v2\/product_cat?post=8773"},{"taxonomy":"product_tag","embeddable":true,"href":"https:\/\/allinpeek.shop\/index.php\/wp-json\/wp\/v2\/product_tag?post=8773"}],"curies":[{"name":"wp","href":"https:\/\/api.w.org\/{rel}","templated":true}]}}