{"id":8624,"date":"2024-03-03T21:58:10","date_gmt":"2024-03-03T21:58:10","guid":{"rendered":"https:\/\/allinpeek.shop\/?post_type=product&#038;p=8624"},"modified":"2025-11-11T17:23:09","modified_gmt":"2025-11-11T17:23:09","slug":"fresh-foam-roav-v2-lp2-black","status":"publish","type":"product","link":"https:\/\/allinpeek.shop\/index.php\/product\/fresh-foam-roav-v2-lp2-black\/","title":{"rendered":"NEW BALANCE KIDS Fresh Foam Roav v2 LP2 BLACK KIDS"},"content":{"rendered":"<div class=\"head\">\n<h2 class=\"open\"><span><small>D\u00c9TAILS<\/small>\u00a0DU PRODUIT<\/span><small><\/small><a class=\"nav open\" href=\"https:\/\/shop.newbalance.jp\/shop\/g\/gPDROVLK2#\">\u00a0<\/a><\/h2>\n<\/div>\n<div class=\"body\">\n<div class=\"goodscomment_\">\n<div class=\"goodscomment1_\"><span>La version Kids du nouveau mod\u00e8le \u00ab\u00a0FRESH FOAM ROAV v2\u00a0\u00bb, qui recherche le confort, est d\u00e9sormais disponible.<\/span><br \/>\n<span>La forme innovante du talon offre un excellent ajustement et la structure \u00e0 enfiler avec une seule ceinture en caoutchouc facilite l&rsquo;enfilage et le retrait.\u00a0La semelle FRESH FOAM offre une sensation de conduite exceptionnelle et un confort haut de gamme.<\/span><\/p>\n<p><span>\u25cfCaract\u00e9ristiques<\/span><span>: Fresh Foam<\/span><\/p>\n<p><span>\u25cfMat\u00e9riau sup\u00e9rieur : Fibre synth\u00e9tique<\/span><br \/>\n<span>\u25cfMat\u00e9riau de la semelle : Semelle en caoutchouc<\/span><br \/>\n<span>La couleur noire<\/span><\/p>\n<p><span>Fabriqu\u00e9 au Vietnam<\/span><\/p>\n<\/div>\n<\/div>\n<\/div>\n","protected":false},"excerpt":{"rendered":"<p>D\u00c9TAILS\u00a0DU PRODUIT\u00a0 La version Kids du nouveau mod\u00e8le \u00ab\u00a0FRESH FOAM ROAV v2\u00a0\u00bb, qui recherche le confort, est d\u00e9sormais disponible. La forme innovante du talon offre un excellent ajustement et la structure \u00e0 enfiler avec une seule ceinture en caoutchouc facilite l&rsquo;enfilage et le retrait.\u00a0La semelle FRESH FOAM offre une sensation de conduite exceptionnelle et un [&hellip;]<\/p>\n","protected":false},"featured_media":8628,"comment_status":"open","ping_status":"closed","template":"","meta":{"om_disable_all_campaigns":false,"_monsterinsights_skip_tracking":false,"_monsterinsights_sitenote_active":false,"_monsterinsights_sitenote_note":"","_monsterinsights_sitenote_category":0},"product_cat":[58,56,157],"product_tag":[],"class_list":["post-8624","product","type-product","status-publish","has-post-thumbnail","hentry","product_cat-chaussures","product_cat-enfant","product_cat-promos","rtwpvs-product"],"aioseo_notices":[],"jetpack_sharing_enabled":true,"_links":{"self":[{"href":"https:\/\/allinpeek.shop\/index.php\/wp-json\/wp\/v2\/product\/8624","targetHints":{"allow":["GET"]}}],"collection":[{"href":"https:\/\/allinpeek.shop\/index.php\/wp-json\/wp\/v2\/product"}],"about":[{"href":"https:\/\/allinpeek.shop\/index.php\/wp-json\/wp\/v2\/types\/product"}],"replies":[{"embeddable":true,"href":"https:\/\/allinpeek.shop\/index.php\/wp-json\/wp\/v2\/comments?post=8624"}],"wp:featuredmedia":[{"embeddable":true,"href":"https:\/\/allinpeek.shop\/index.php\/wp-json\/wp\/v2\/media\/8628"}],"wp:attachment":[{"href":"https:\/\/allinpeek.shop\/index.php\/wp-json\/wp\/v2\/media?parent=8624"}],"wp:term":[{"taxonomy":"product_cat","embeddable":true,"href":"https:\/\/allinpeek.shop\/index.php\/wp-json\/wp\/v2\/product_cat?post=8624"},{"taxonomy":"product_tag","embeddable":true,"href":"https:\/\/allinpeek.shop\/index.php\/wp-json\/wp\/v2\/product_tag?post=8624"}],"curies":[{"name":"wp","href":"https:\/\/api.w.org\/{rel}","templated":true}]}}