{"id":8330,"date":"2024-02-26T23:51:42","date_gmt":"2024-02-26T23:51:42","guid":{"rendered":"https:\/\/allinpeek.shop\/?post_type=product&#038;p=8330"},"modified":"2024-10-14T19:33:05","modified_gmt":"2024-10-14T18:33:05","slug":"puma-cali-pro-block-blanc-34-33","status":"publish","type":"product","link":"https:\/\/allinpeek.shop\/index.php\/product\/puma-cali-pro-block-blanc-34-33\/","title":{"rendered":"PUMA CALI PRO BLOCK BLANC ,KIDS"},"content":{"rendered":"<p>Description Les chaussures Puma Cali Pro Block junior pr\u00e9sentent des d\u00e9tails tels que des perforations sur la pointe qui imitent celles du mod\u00e8le original, tandis que le design est inspir\u00e9 de la ligne Classic de Puma avec un l\u00e9ger clin d&rsquo;\u0153il au style basket. Gr\u00e2ce \u00e0 leur semelle interm\u00e9diaire \u00e9paisse, ces chaussures sont id\u00e9ales pour les enfants plus \u00e2g\u00e9s et les adolescents. Le cuir de ce produit provient d&rsquo;un processus de fabrication respectueux de l&rsquo;environnement, audit\u00e9 et certifi\u00e9 par le protocole du Leather Working Group.<\/p>\n<p><strong>Caract\u00e9ristiques<\/strong>\u00a0:<\/p>\n<ul>\n<li>Ext\u00e9rieur en cuir<\/li>\n<li>Semelle interm\u00e9diaire en caoutchouc<\/li>\n<li>Semelle ext\u00e9rieure en caoutchouc qui ne laisse pas de marques<\/li>\n<li>Formstrip Puma sur le c\u00f4t\u00e9 int\u00e9rieur et ext\u00e9rieur<\/li>\n<\/ul>\n<p>Logo Puma Cat sur le talon<\/p>\n<p>R\u00e9f\u00e9rence:\u00a0PUM-39200401<\/p>\n","protected":false},"excerpt":{"rendered":"<p>Description Les chaussures Puma Cali Pro Block junior pr\u00e9sentent des d\u00e9tails tels que des perforations sur la pointe qui imitent celles du mod\u00e8le original, tandis que le design est inspir\u00e9 de la ligne Classic de Puma avec un l\u00e9ger clin d&rsquo;\u0153il au style basket. Gr\u00e2ce \u00e0 leur semelle interm\u00e9diaire \u00e9paisse, ces chaussures sont id\u00e9ales pour [&hellip;]<\/p>\n","protected":false},"featured_media":8334,"comment_status":"open","ping_status":"closed","template":"","meta":{"om_disable_all_campaigns":false,"_monsterinsights_skip_tracking":false,"_monsterinsights_sitenote_active":false,"_monsterinsights_sitenote_note":"","_monsterinsights_sitenote_category":0},"product_cat":[58,56,157],"product_tag":[],"class_list":["post-8330","product","type-product","status-publish","has-post-thumbnail","hentry","product_cat-chaussures","product_cat-enfant","product_cat-promos","rtwpvs-product"],"aioseo_notices":[],"jetpack_sharing_enabled":true,"_links":{"self":[{"href":"https:\/\/allinpeek.shop\/index.php\/wp-json\/wp\/v2\/product\/8330","targetHints":{"allow":["GET"]}}],"collection":[{"href":"https:\/\/allinpeek.shop\/index.php\/wp-json\/wp\/v2\/product"}],"about":[{"href":"https:\/\/allinpeek.shop\/index.php\/wp-json\/wp\/v2\/types\/product"}],"replies":[{"embeddable":true,"href":"https:\/\/allinpeek.shop\/index.php\/wp-json\/wp\/v2\/comments?post=8330"}],"wp:featuredmedia":[{"embeddable":true,"href":"https:\/\/allinpeek.shop\/index.php\/wp-json\/wp\/v2\/media\/8334"}],"wp:attachment":[{"href":"https:\/\/allinpeek.shop\/index.php\/wp-json\/wp\/v2\/media?parent=8330"}],"wp:term":[{"taxonomy":"product_cat","embeddable":true,"href":"https:\/\/allinpeek.shop\/index.php\/wp-json\/wp\/v2\/product_cat?post=8330"},{"taxonomy":"product_tag","embeddable":true,"href":"https:\/\/allinpeek.shop\/index.php\/wp-json\/wp\/v2\/product_tag?post=8330"}],"curies":[{"name":"wp","href":"https:\/\/api.w.org\/{rel}","templated":true}]}}