{"id":8121,"date":"2024-01-27T09:36:44","date_gmt":"2024-01-27T09:36:44","guid":{"rendered":"https:\/\/allinpeek.shop\/?post_type=product&#038;p=8121"},"modified":"2025-11-24T15:11:12","modified_gmt":"2025-11-24T15:11:12","slug":"puma-mixte-evolve-run-mesh-jr-kids-34-35","status":"publish","type":"product","link":"https:\/\/allinpeek.shop\/index.php\/product\/puma-mixte-evolve-run-mesh-jr-kids-34-35\/","title":{"rendered":"PUMA MIXTE EVOLVE RUN MESH JR KIDS ,"},"content":{"rendered":"<p><strong>Mat\u00e9riau de la semelle <\/strong><\/p>\n<p>Synth\u00e9tique<\/p>\n<p><strong>Mat\u00e9riau ext\u00e9rieur <\/strong><\/p>\n<p>Textile<\/p>\n<p><strong>Mat\u00e9riau int\u00e9rieur <\/strong><\/p>\n<p>Synth\u00e9tique<\/p>\n<p><strong> Type de fermeture<\/strong><\/p>\n<p>Lacet<\/p>\n<p><strong>\u00c0 propos de cet article<\/strong><\/p>\n<p>Puma Evolve Run Mesh Jr<\/p>\n<p><strong>Description <\/strong><\/p>\n<p>Pour un style sportif novateur qui ne fait pas de compromis sur le confort, optez pour les baskets Evolve Run Mesh. Dot\u00e9es de renforts synth\u00e9tiques remarquables et de lignes en creux, ces chaussures l\u00e9g\u00e8res offrent un look et un confort dynamiques. Notre semelle interm\u00e9diaire en EVA doux fonctionne de pair avec notre premi\u00e8re de propret\u00e9 SOFTFOAM+ pour offrir une sur\u00e9l\u00e9vation, un confort et un amorti sup\u00e9rieurs, quelle que soit votre activit\u00e9. CARACT\u00c9RISTIQUES + AVANTAGES CMEVA : EVA moul\u00e9 par compression de PUMA offrant plus de l\u00e9g\u00e8ret\u00e9. SOFTFOAM+ : premi\u00e8re de propret\u00e9 confortable con\u00e7ue pour offrir un amorti doux gr\u00e2ce au talon ultra \u00e9pais. D\u00c9TAILS Silhouette basse. Tige en mesh avec renforts en mati\u00e8re synth\u00e9tique. Sangle sur la languette et le talon. Doublure en mesh. Fermeture auto-agrippante. Semelle interm\u00e9diaire amortissante pour plus de confort. Semelle ext\u00e9rieure en caoutchouc non marquant pour une bonne adh\u00e9rence. Bande PUMA Formstrip synth\u00e9tique avec lignes gaufr\u00e9es sur les c\u00f4t\u00e9s int\u00e9rieur et ext\u00e9rieur. Logo PUMA Cat sur la languette et sur l\u2019\u00e9tiquette du talon. Mod\u00e8le PUMA pour enfant et adolescent : recommand\u00e9 pour les enfants \u00e2g\u00e9s de 8 \u00e0 16 ans.<\/p>\n","protected":false},"excerpt":{"rendered":"<p>Mat\u00e9riau de la semelle Synth\u00e9tique Mat\u00e9riau ext\u00e9rieur Textile Mat\u00e9riau int\u00e9rieur Synth\u00e9tique Type de fermeture Lacet \u00c0 propos de cet article Puma Evolve Run Mesh Jr Description Pour un style sportif novateur qui ne fait pas de compromis sur le confort, optez pour les baskets Evolve Run Mesh. Dot\u00e9es de renforts synth\u00e9tiques remarquables et de lignes [&hellip;]<\/p>\n","protected":false},"featured_media":25278,"comment_status":"open","ping_status":"closed","template":"","meta":{"om_disable_all_campaigns":false,"_monsterinsights_skip_tracking":false,"_monsterinsights_sitenote_active":false,"_monsterinsights_sitenote_note":"","_monsterinsights_sitenote_category":0},"product_cat":[18,58,56,157],"product_tag":[],"class_list":["post-8121","product","type-product","status-publish","has-post-thumbnail","hentry","product_cat-uncategorized","product_cat-chaussures","product_cat-enfant","product_cat-promos","rtwpvs-product"],"aioseo_notices":[],"jetpack_sharing_enabled":true,"_links":{"self":[{"href":"https:\/\/allinpeek.shop\/index.php\/wp-json\/wp\/v2\/product\/8121","targetHints":{"allow":["GET"]}}],"collection":[{"href":"https:\/\/allinpeek.shop\/index.php\/wp-json\/wp\/v2\/product"}],"about":[{"href":"https:\/\/allinpeek.shop\/index.php\/wp-json\/wp\/v2\/types\/product"}],"replies":[{"embeddable":true,"href":"https:\/\/allinpeek.shop\/index.php\/wp-json\/wp\/v2\/comments?post=8121"}],"wp:featuredmedia":[{"embeddable":true,"href":"https:\/\/allinpeek.shop\/index.php\/wp-json\/wp\/v2\/media\/25278"}],"wp:attachment":[{"href":"https:\/\/allinpeek.shop\/index.php\/wp-json\/wp\/v2\/media?parent=8121"}],"wp:term":[{"taxonomy":"product_cat","embeddable":true,"href":"https:\/\/allinpeek.shop\/index.php\/wp-json\/wp\/v2\/product_cat?post=8121"},{"taxonomy":"product_tag","embeddable":true,"href":"https:\/\/allinpeek.shop\/index.php\/wp-json\/wp\/v2\/product_tag?post=8121"}],"curies":[{"name":"wp","href":"https:\/\/api.w.org\/{rel}","templated":true}]}}