{"id":7974,"date":"2023-12-15T22:17:40","date_gmt":"2023-12-15T22:17:40","guid":{"rendered":"https:\/\/allinpeek.shop\/?post_type=product&#038;p=7974"},"modified":"2025-06-05T06:49:00","modified_gmt":"2025-06-05T05:49:00","slug":"fila-sneakers-crosscourt-altezza-noir-39","status":"publish","type":"product","link":"https:\/\/allinpeek.shop\/index.php\/product\/fila-sneakers-crosscourt-altezza-noir-39\/","title":{"rendered":"Fila Sneakers Crosscourt Altezza , CUIRE KIDS"},"content":{"rendered":"<p>INFORMATIONS SUR LE PRODUIT<\/p>\n<p>D\u00e9tails Marque : Fila<\/p>\n<p>Couleur : Noir<\/p>\n<p>Couleur indiqu\u00e9e par le fabricant : Black\/Mauve Shadows<\/p>\n<p>Type de fermeture : Lacets<\/p>\n<p>Type de bout :Rond<\/p>\n<p><strong>Taille et ajustement<\/strong><\/p>\n<p>\u00c9paisseur de semelle: 3 cm<\/p>\n<p>Hauteur totale de la chaussure: 11 cm<\/p>\n<p>Poids de chaussure (pointure la plus petite) 416 g<\/p>\n<p><strong> Composition et entretien<\/strong><\/p>\n<p>Semelle de propret\u00e9 : Tissu<\/p>\n<p>Int\u00e9rieur : Tissu<\/p>\n<p>Tige : Simili cuir\/-Simili cuir<\/p>\n<p>Rembourrage : Rigide<\/p>\n<p>Semelle d&rsquo;usure : Mati\u00e8re synth\u00e9tique de haute qualit\u00e9<\/p>\n<p>&nbsp;<\/p>\n","protected":false},"excerpt":{"rendered":"<p>INFORMATIONS SUR LE PRODUIT D\u00e9tails Marque : Fila Couleur : Noir Couleur indiqu\u00e9e par le fabricant : Black\/Mauve Shadows Type de fermeture : Lacets Type de bout :Rond Taille et ajustement \u00c9paisseur de semelle: 3 cm Hauteur totale de la chaussure: 11 cm Poids de chaussure (pointure la plus petite) 416 g Composition et entretien [&hellip;]<\/p>\n","protected":false},"featured_media":7978,"comment_status":"open","ping_status":"closed","template":"","meta":{"om_disable_all_campaigns":false,"_monsterinsights_skip_tracking":false,"_monsterinsights_sitenote_active":false,"_monsterinsights_sitenote_note":"","_monsterinsights_sitenote_category":0},"product_cat":[58,56,45,32,157],"product_tag":[],"class_list":["post-7974","product","type-product","status-publish","has-post-thumbnail","hentry","product_cat-chaussures","product_cat-enfant","product_cat-femme","product_cat-men","product_cat-promos","rtwpvs-product"],"aioseo_notices":[],"jetpack_sharing_enabled":true,"_links":{"self":[{"href":"https:\/\/allinpeek.shop\/index.php\/wp-json\/wp\/v2\/product\/7974","targetHints":{"allow":["GET"]}}],"collection":[{"href":"https:\/\/allinpeek.shop\/index.php\/wp-json\/wp\/v2\/product"}],"about":[{"href":"https:\/\/allinpeek.shop\/index.php\/wp-json\/wp\/v2\/types\/product"}],"replies":[{"embeddable":true,"href":"https:\/\/allinpeek.shop\/index.php\/wp-json\/wp\/v2\/comments?post=7974"}],"wp:featuredmedia":[{"embeddable":true,"href":"https:\/\/allinpeek.shop\/index.php\/wp-json\/wp\/v2\/media\/7978"}],"wp:attachment":[{"href":"https:\/\/allinpeek.shop\/index.php\/wp-json\/wp\/v2\/media?parent=7974"}],"wp:term":[{"taxonomy":"product_cat","embeddable":true,"href":"https:\/\/allinpeek.shop\/index.php\/wp-json\/wp\/v2\/product_cat?post=7974"},{"taxonomy":"product_tag","embeddable":true,"href":"https:\/\/allinpeek.shop\/index.php\/wp-json\/wp\/v2\/product_tag?post=7974"}],"curies":[{"name":"wp","href":"https:\/\/api.w.org\/{rel}","templated":true}]}}