{"id":7963,"date":"2023-12-15T21:50:17","date_gmt":"2023-12-15T21:50:17","guid":{"rendered":"https:\/\/allinpeek.shop\/?post_type=product&#038;p=7963"},"modified":"2025-01-13T16:33:12","modified_gmt":"2025-01-13T16:33:12","slug":"timberland-6-inch-boot-premium-nubuck-ble-or-39","status":"publish","type":"product","link":"https:\/\/allinpeek.shop\/index.php\/product\/timberland-6-inch-boot-premium-nubuck-ble-or-39\/","title":{"rendered":"Timberland 6-inch Boot Premium Nubuck bl\u00e9  \/ or"},"content":{"rendered":"<p>Cette botte soutient la vo\u00fbte plantaire et comporte 200 g d\u2019isolant PrimaLoft\u00ae pour garder les pieds grandissants des tout-petits au chaud et en confort, ainsi que des coutures scell\u00e9es pour les maintenir au sec. Un bracelet matelass\u00e9 et un matelassage en mousse ajoutent au confort. Cette botte est aussi fabriqu\u00e9e de mani\u00e8re responsable avec du cuir de qualit\u00e9 issu d\u2019une tannerie cot\u00e9e argent en mati\u00e8re de gestion des d\u00e9chets et de consommation d\u2019eau et d\u2019\u00e9nergie.<\/p>\n","protected":false},"excerpt":{"rendered":"<p>Cette botte soutient la vo\u00fbte plantaire et comporte 200 g d\u2019isolant PrimaLoft\u00ae pour garder les pieds grandissants des tout-petits au chaud et en confort, ainsi que des coutures scell\u00e9es pour les maintenir au sec. Un bracelet matelass\u00e9 et un matelassage en mousse ajoutent au confort. Cette botte est aussi fabriqu\u00e9e de mani\u00e8re responsable avec du [&hellip;]<\/p>\n","protected":false},"featured_media":7973,"comment_status":"open","ping_status":"closed","template":"","meta":{"om_disable_all_campaigns":false,"_monsterinsights_skip_tracking":false,"_monsterinsights_sitenote_active":false,"_monsterinsights_sitenote_note":"","_monsterinsights_sitenote_category":0},"product_cat":[58,56,45,157],"product_tag":[],"class_list":["post-7963","product","type-product","status-publish","has-post-thumbnail","hentry","product_cat-chaussures","product_cat-enfant","product_cat-femme","product_cat-promos","rtwpvs-product"],"aioseo_notices":[],"jetpack_sharing_enabled":true,"_links":{"self":[{"href":"https:\/\/allinpeek.shop\/index.php\/wp-json\/wp\/v2\/product\/7963","targetHints":{"allow":["GET"]}}],"collection":[{"href":"https:\/\/allinpeek.shop\/index.php\/wp-json\/wp\/v2\/product"}],"about":[{"href":"https:\/\/allinpeek.shop\/index.php\/wp-json\/wp\/v2\/types\/product"}],"replies":[{"embeddable":true,"href":"https:\/\/allinpeek.shop\/index.php\/wp-json\/wp\/v2\/comments?post=7963"}],"wp:featuredmedia":[{"embeddable":true,"href":"https:\/\/allinpeek.shop\/index.php\/wp-json\/wp\/v2\/media\/7973"}],"wp:attachment":[{"href":"https:\/\/allinpeek.shop\/index.php\/wp-json\/wp\/v2\/media?parent=7963"}],"wp:term":[{"taxonomy":"product_cat","embeddable":true,"href":"https:\/\/allinpeek.shop\/index.php\/wp-json\/wp\/v2\/product_cat?post=7963"},{"taxonomy":"product_tag","embeddable":true,"href":"https:\/\/allinpeek.shop\/index.php\/wp-json\/wp\/v2\/product_tag?post=7963"}],"curies":[{"name":"wp","href":"https:\/\/api.w.org\/{rel}","templated":true}]}}