{"id":7942,"date":"2023-12-15T19:21:53","date_gmt":"2023-12-15T19:21:53","guid":{"rendered":"https:\/\/allinpeek.shop\/?post_type=product&#038;p=7942"},"modified":"2025-11-11T20:10:21","modified_gmt":"2025-11-11T20:10:21","slug":"timberland-6-inch-boot-premium-junior-en-gris-clair-37-5","status":"publish","type":"product","link":"https:\/\/allinpeek.shop\/index.php\/product\/timberland-6-inch-boot-premium-junior-en-gris-clair-37-5\/","title":{"rendered":"Timberland 6-Inch Boot Premium Junior en Gris Clair ,37.5"},"content":{"rendered":"<p>INFORMATIONS RELATIVES AU PRODUIT<\/p>\n<p>Mod\u00e8le : TB 0A41TME02<\/p>\n<p>Cette bottine imperm\u00e9able junior est confectionn\u00e9e en cuir \u00e9coresponsable. Elle soutient la vo\u00fbte plantaire et est dot\u00e9e d&rsquo;une isolation PrimaLoft\u00ae de 200 g pour garder les petits pieds confortablement au chaud<\/p>\n<p>. Nubuck Better Leather haut de gamme issu d&rsquo;une tannerie \u00e9cologique class\u00e9e Argent pour ses m\u00e9thodes de gestion de l&rsquo;eau, de l&rsquo;\u00e9nergie et des d\u00e9chets<\/p>\n<p>Isolation PrimaLoft\u00ae 200 g pour une chaleur accrue<\/p>\n<p>Lacets 100 % PET obtenu \u00e0 partir de bouteilles en plastique recycl\u00e9es<\/p>\n<p>Construction \u00e0 coutures scell\u00e9es<\/p>\n<p>Cambrion en acier pour le soutien de la vo\u00fbte plantaire<\/p>\n<p>Col rembourr\u00e9 Pi\u00e8ces m\u00e9talliques inoxydables<\/p>\n<p>Assise plantaire en mousse d&rsquo;EVA m\u00e9lang\u00e9 pour plus d&rsquo;amorti<\/p>\n<p>Semelle ext\u00e9rieure crant\u00e9e en caoutchouc<\/p>\n<p>CARE INSTRUCTIONS: Nettoyant Mousse nettoyante renewbuck pour daim et nubuck Suede Restorer Brush<\/p>\n<p>Kit de nettoyage \u00e0 sec Protector Baume protecteur multifonction Balm Proofer<\/p>\n","protected":false},"excerpt":{"rendered":"<p>INFORMATIONS RELATIVES AU PRODUIT Mod\u00e8le : TB 0A41TME02 Cette bottine imperm\u00e9able junior est confectionn\u00e9e en cuir \u00e9coresponsable. Elle soutient la vo\u00fbte plantaire et est dot\u00e9e d&rsquo;une isolation PrimaLoft\u00ae de 200 g pour garder les petits pieds confortablement au chaud . Nubuck Better Leather haut de gamme issu d&rsquo;une tannerie \u00e9cologique class\u00e9e Argent pour ses m\u00e9thodes [&hellip;]<\/p>\n","protected":false},"featured_media":7951,"comment_status":"open","ping_status":"closed","template":"","meta":{"om_disable_all_campaigns":false,"_monsterinsights_skip_tracking":false,"_monsterinsights_sitenote_active":false,"_monsterinsights_sitenote_note":"","_monsterinsights_sitenote_category":0},"product_cat":[58,56,45,157],"product_tag":[],"class_list":["post-7942","product","type-product","status-publish","has-post-thumbnail","hentry","product_cat-chaussures","product_cat-enfant","product_cat-femme","product_cat-promos","rtwpvs-product"],"aioseo_notices":[],"jetpack_sharing_enabled":true,"_links":{"self":[{"href":"https:\/\/allinpeek.shop\/index.php\/wp-json\/wp\/v2\/product\/7942","targetHints":{"allow":["GET"]}}],"collection":[{"href":"https:\/\/allinpeek.shop\/index.php\/wp-json\/wp\/v2\/product"}],"about":[{"href":"https:\/\/allinpeek.shop\/index.php\/wp-json\/wp\/v2\/types\/product"}],"replies":[{"embeddable":true,"href":"https:\/\/allinpeek.shop\/index.php\/wp-json\/wp\/v2\/comments?post=7942"}],"wp:featuredmedia":[{"embeddable":true,"href":"https:\/\/allinpeek.shop\/index.php\/wp-json\/wp\/v2\/media\/7951"}],"wp:attachment":[{"href":"https:\/\/allinpeek.shop\/index.php\/wp-json\/wp\/v2\/media?parent=7942"}],"wp:term":[{"taxonomy":"product_cat","embeddable":true,"href":"https:\/\/allinpeek.shop\/index.php\/wp-json\/wp\/v2\/product_cat?post=7942"},{"taxonomy":"product_tag","embeddable":true,"href":"https:\/\/allinpeek.shop\/index.php\/wp-json\/wp\/v2\/product_tag?post=7942"}],"curies":[{"name":"wp","href":"https:\/\/api.w.org\/{rel}","templated":true}]}}