{"id":7901,"date":"2023-12-15T18:29:50","date_gmt":"2023-12-15T18:29:50","guid":{"rendered":"https:\/\/allinpeek.shop\/?post_type=product&#038;p=7901"},"modified":"2025-11-11T18:35:30","modified_gmt":"2025-11-11T18:35:30","slug":"lacoste-l005-sneakers-en-cuire-homme-40-5","status":"publish","type":"product","link":"https:\/\/allinpeek.shop\/index.php\/product\/lacoste-l005-sneakers-en-cuire-homme-40-5\/","title":{"rendered":"Lacoste L005 sneakers en cuire homme"},"content":{"rendered":"<p>Description &amp; entretien<\/p>\n<p>Description REF. 44SMA0115_2H2<\/p>\n<p>Un tout nouveau mod\u00e8le au charme intemporel. Style polyvalent et finition de haute qualit\u00e9. Une sneaker de week-end qui c\u00e9l\u00e8bre l&rsquo;h\u00e9ritage sportif de Lacoste.<\/p>\n<p>&#8211; Tige enti\u00e8rement en cuir :<\/p>\n<p>&#8211; Look et effet de luxe. Touches color\u00e9es.<\/p>\n<p>&#8211; Style \u00ab court de tennis \u00bb avec fermeture \u00e0 lacets :<\/p>\n<p>&#8211; Look authentique. Bon maintien.<\/p>\n<p>&#8211; Doublure en textile :<\/p>\n<p>&#8211; Confort assur\u00e9 toute la journ\u00e9e.<\/p>\n<p>&#8211; Semelle ext\u00e9rieure en caoutchouc :<\/p>\n<p>&#8211; Bonne adh\u00e9rence. Style classique.<\/p>\n<p>&#8211; Logo crocodile emboss\u00e9 sur le talon :Signature Lacoste discr\u00e8te.<\/p>\n<p>&#8211; Tige 93 % cuir 7 % polyester ; doublure 100 % polyester ; semelle int\u00e9rieure 100 % polyester ; semelle ext\u00e9rieure 100 % caoutchouc<\/p>\n","protected":false},"excerpt":{"rendered":"<p>Description &amp; entretien Description REF. 44SMA0115_2H2 Un tout nouveau mod\u00e8le au charme intemporel. Style polyvalent et finition de haute qualit\u00e9. Une sneaker de week-end qui c\u00e9l\u00e8bre l&rsquo;h\u00e9ritage sportif de Lacoste. &#8211; Tige enti\u00e8rement en cuir : &#8211; Look et effet de luxe. Touches color\u00e9es. &#8211; Style \u00ab court de tennis \u00bb avec fermeture \u00e0 lacets [&hellip;]<\/p>\n","protected":false},"featured_media":7908,"comment_status":"open","ping_status":"closed","template":"","meta":{"om_disable_all_campaigns":false,"_monsterinsights_skip_tracking":false,"_monsterinsights_sitenote_active":false,"_monsterinsights_sitenote_note":"","_monsterinsights_sitenote_category":0},"product_cat":[56,32],"product_tag":[],"class_list":["post-7901","product","type-product","status-publish","has-post-thumbnail","hentry","product_cat-enfant","product_cat-men","rtwpvs-product"],"aioseo_notices":[],"jetpack_sharing_enabled":true,"_links":{"self":[{"href":"https:\/\/allinpeek.shop\/index.php\/wp-json\/wp\/v2\/product\/7901","targetHints":{"allow":["GET"]}}],"collection":[{"href":"https:\/\/allinpeek.shop\/index.php\/wp-json\/wp\/v2\/product"}],"about":[{"href":"https:\/\/allinpeek.shop\/index.php\/wp-json\/wp\/v2\/types\/product"}],"replies":[{"embeddable":true,"href":"https:\/\/allinpeek.shop\/index.php\/wp-json\/wp\/v2\/comments?post=7901"}],"wp:featuredmedia":[{"embeddable":true,"href":"https:\/\/allinpeek.shop\/index.php\/wp-json\/wp\/v2\/media\/7908"}],"wp:attachment":[{"href":"https:\/\/allinpeek.shop\/index.php\/wp-json\/wp\/v2\/media?parent=7901"}],"wp:term":[{"taxonomy":"product_cat","embeddable":true,"href":"https:\/\/allinpeek.shop\/index.php\/wp-json\/wp\/v2\/product_cat?post=7901"},{"taxonomy":"product_tag","embeddable":true,"href":"https:\/\/allinpeek.shop\/index.php\/wp-json\/wp\/v2\/product_tag?post=7901"}],"curies":[{"name":"wp","href":"https:\/\/api.w.org\/{rel}","templated":true}]}}