{"id":7675,"date":"2023-11-19T20:17:00","date_gmt":"2023-11-19T20:17:00","guid":{"rendered":"https:\/\/allinpeek.shop\/?post_type=product&#038;p=7675"},"modified":"2025-11-11T19:02:18","modified_gmt":"2025-11-11T19:02:18","slug":"nike-air-max-motif-38-39","status":"publish","type":"product","link":"https:\/\/allinpeek.shop\/index.php\/product\/nike-air-max-motif-38-39\/","title":{"rendered":"NIKE AIR MAX MOTIF GS"},"content":{"rendered":"<p>UN FUTUR CLASSIQUE INSPIR\u00c9 DE L&rsquo;ORIGINAL.<\/p>\n<p>Air Max entre dans une nouvelle \u00e8re. La Nike Air Max Motif rend hommage \u00e0 l&#8217;embl\u00e9matique AM1 : une l\u00e9gende streetwear depuis 1987 revisit\u00e9e sous un angle futuriste pour votre g\u00e9n\u00e9ration. Les lignes de conception \u00e9voquent un style r\u00e9tro, tandis que l&rsquo;unit\u00e9 Air revisit\u00e9e cr\u00e9e un amorti ultra-souple, pour vous permettre de courir et jouer toute la journ\u00e9e.Hommage \u00e0 la num\u00e9ro 1Les lignes ondul\u00e9es sur l&#8217;empeigne \u00e9voquent le mod\u00e8le Air Max 1 avec une touche tendance.Amorti et confortNous avons repens\u00e9 l&rsquo;unit\u00e9 Max Air en nous inspirant de celle de la Air Max 2090 pour offrir un amorti ultra-l\u00e9ger. La mousse souple sous le pied garantit un confort absolu \u00e0 chaque pas.Con\u00e7ue pour durerLa semelle en caoutchouc transparent offre une adh\u00e9rence durable sur diff\u00e9rentes surfaces.Plus d&rsquo;avantagesL&rsquo;association de daim et de tissu apporte l\u00e9g\u00e8ret\u00e9, douceur et confort.Rainures sur la semelle pour une souplesse et un confort naturel \u00e0 chaque pas.D\u00e9tails du produitLacets classiques<\/p>\n","protected":false},"excerpt":{"rendered":"<p>UN FUTUR CLASSIQUE INSPIR\u00c9 DE L&rsquo;ORIGINAL. Air Max entre dans une nouvelle \u00e8re. La Nike Air Max Motif rend hommage \u00e0 l&#8217;embl\u00e9matique AM1 : une l\u00e9gende streetwear depuis 1987 revisit\u00e9e sous un angle futuriste pour votre g\u00e9n\u00e9ration. Les lignes de conception \u00e9voquent un style r\u00e9tro, tandis que l&rsquo;unit\u00e9 Air revisit\u00e9e cr\u00e9e un amorti ultra-souple, pour [&hellip;]<\/p>\n","protected":false},"featured_media":13578,"comment_status":"open","ping_status":"closed","template":"","meta":{"om_disable_all_campaigns":false,"_monsterinsights_skip_tracking":false,"_monsterinsights_sitenote_active":false,"_monsterinsights_sitenote_note":"","_monsterinsights_sitenote_category":0},"product_cat":[58,56,157],"product_tag":[],"class_list":["post-7675","product","type-product","status-publish","has-post-thumbnail","hentry","product_cat-chaussures","product_cat-enfant","product_cat-promos","rtwpvs-product"],"aioseo_notices":[],"jetpack_sharing_enabled":true,"_links":{"self":[{"href":"https:\/\/allinpeek.shop\/index.php\/wp-json\/wp\/v2\/product\/7675","targetHints":{"allow":["GET"]}}],"collection":[{"href":"https:\/\/allinpeek.shop\/index.php\/wp-json\/wp\/v2\/product"}],"about":[{"href":"https:\/\/allinpeek.shop\/index.php\/wp-json\/wp\/v2\/types\/product"}],"replies":[{"embeddable":true,"href":"https:\/\/allinpeek.shop\/index.php\/wp-json\/wp\/v2\/comments?post=7675"}],"wp:featuredmedia":[{"embeddable":true,"href":"https:\/\/allinpeek.shop\/index.php\/wp-json\/wp\/v2\/media\/13578"}],"wp:attachment":[{"href":"https:\/\/allinpeek.shop\/index.php\/wp-json\/wp\/v2\/media?parent=7675"}],"wp:term":[{"taxonomy":"product_cat","embeddable":true,"href":"https:\/\/allinpeek.shop\/index.php\/wp-json\/wp\/v2\/product_cat?post=7675"},{"taxonomy":"product_tag","embeddable":true,"href":"https:\/\/allinpeek.shop\/index.php\/wp-json\/wp\/v2\/product_tag?post=7675"}],"curies":[{"name":"wp","href":"https:\/\/api.w.org\/{rel}","templated":true}]}}