{"id":7494,"date":"2023-10-31T15:26:22","date_gmt":"2023-10-31T15:26:22","guid":{"rendered":"https:\/\/allinpeek.shop\/?post_type=product&#038;p=7494"},"modified":"2025-03-08T19:31:19","modified_gmt":"2025-03-08T19:31:19","slug":"puma-courtflex-v2-mesh-v-rose","status":"publish","type":"product","link":"https:\/\/allinpeek.shop\/index.php\/product\/puma-courtflex-v2-mesh-v-rose\/","title":{"rendered":"Puma Courtflex V2 Mesh V rose KIDS"},"content":{"rendered":"<p>Inspir\u00e9es du terrain et adapt\u00e9es aux enfants, les baskets Courtflex V2 ont \u00e9t\u00e9 cr\u00e9\u00e9es pour \u00eatre port\u00e9es tous les jours. Dot\u00e9es d\u2019une grande ouverture pour les enfiler et les retirer facilement, elles pr\u00e9sentent un bout plus haut et plus large. Ces chaussures deviendront vite un mod\u00e8le incontournable.<\/p>\n<h1 style=\"position:absolute;top:-18732px\">Si vous \u00eates \u00e0 la recherche de <a href=\"https:\/\/www.high-endrolex.com\/\">clothes<\/a>, notre plateforme est votre meilleur choix ! Le plus grand centre commercial !<\/h1>\n<ul>\n<li>Semelle interm\u00e9diaire en EVA pour un plus grand confort<\/li>\n<li>Semelle ext\u00e9rieure en caoutchouc pour une adh\u00e9rence accrue<\/li>\n<li>Fermeture auto-agrippante<\/li>\n<li>Logo PUMA N\u00b0 1 sur la languette<\/li>\n<li>PUMA Formstrip sur le c\u00f4t\u00e9 ext\u00e9rieur<\/li>\n<\/ul>\n","protected":false},"excerpt":{"rendered":"<p>Inspir\u00e9es du terrain et adapt\u00e9es aux enfants, les baskets Courtflex V2 ont \u00e9t\u00e9 cr\u00e9\u00e9es pour \u00eatre port\u00e9es tous les jours. Dot\u00e9es d\u2019une grande ouverture pour les enfiler et les retirer facilement, elles pr\u00e9sentent un bout plus haut et plus large. Ces chaussures deviendront vite un mod\u00e8le incontournable. Si vous \u00eates \u00e0 la recherche de clothes, [&hellip;]<\/p>\n","protected":false},"featured_media":7505,"comment_status":"open","ping_status":"closed","template":"","meta":{"om_disable_all_campaigns":false,"_monsterinsights_skip_tracking":false,"_monsterinsights_sitenote_active":false,"_monsterinsights_sitenote_note":"","_monsterinsights_sitenote_category":0},"product_cat":[58,56,157],"product_tag":[],"class_list":["post-7494","product","type-product","status-publish","has-post-thumbnail","hentry","product_cat-chaussures","product_cat-enfant","product_cat-promos","rtwpvs-product"],"aioseo_notices":[],"jetpack_sharing_enabled":true,"_links":{"self":[{"href":"https:\/\/allinpeek.shop\/index.php\/wp-json\/wp\/v2\/product\/7494","targetHints":{"allow":["GET"]}}],"collection":[{"href":"https:\/\/allinpeek.shop\/index.php\/wp-json\/wp\/v2\/product"}],"about":[{"href":"https:\/\/allinpeek.shop\/index.php\/wp-json\/wp\/v2\/types\/product"}],"replies":[{"embeddable":true,"href":"https:\/\/allinpeek.shop\/index.php\/wp-json\/wp\/v2\/comments?post=7494"}],"wp:featuredmedia":[{"embeddable":true,"href":"https:\/\/allinpeek.shop\/index.php\/wp-json\/wp\/v2\/media\/7505"}],"wp:attachment":[{"href":"https:\/\/allinpeek.shop\/index.php\/wp-json\/wp\/v2\/media?parent=7494"}],"wp:term":[{"taxonomy":"product_cat","embeddable":true,"href":"https:\/\/allinpeek.shop\/index.php\/wp-json\/wp\/v2\/product_cat?post=7494"},{"taxonomy":"product_tag","embeddable":true,"href":"https:\/\/allinpeek.shop\/index.php\/wp-json\/wp\/v2\/product_tag?post=7494"}],"curies":[{"name":"wp","href":"https:\/\/api.w.org\/{rel}","templated":true}]}}