{"id":7486,"date":"2023-10-31T15:10:21","date_gmt":"2023-10-31T15:10:21","guid":{"rendered":"https:\/\/allinpeek.shop\/?post_type=product&#038;p=7486"},"modified":"2024-11-20T21:46:10","modified_gmt":"2024-11-20T21:46:10","slug":"puma-zapatillas-evolve-run-mesh-jr-gris","status":"publish","type":"product","link":"https:\/\/allinpeek.shop\/index.php\/product\/puma-zapatillas-evolve-run-mesh-jr-gris\/","title":{"rendered":"Puma  Evolve Run Mesh Jr KIDS"},"content":{"rendered":"<p>Baskets Puma pour enfants Evolve Run Mesh Jr. Baskets l\u00e9g\u00e8res pour enfants. L&rsquo;outillage flexible avec une semelle interm\u00e9diaire en EVA souple et un look progressif est con\u00e7u pour un usage quotidien. Le mat\u00e9riau sup\u00e9rieur est dot\u00e9 de d\u00e9tails techniques tels que des superpositions thermofusibles ou des lignes en relief pour les enfants sportifs de tous \u00e2ges. La semelle int\u00e9rieure SoftFoam+ offre un excellent amorti et un confort optimal \u00e0 chaque \u00e9tape de la journ\u00e9e.<\/p>\n<p>Mat\u00e9riau sup\u00e9rieur : textile, autre mat\u00e9riau.<\/p>\n<p>Doublure et semelle int\u00e9rieure : textile.<\/p>\n<p>Semelle ext\u00e9rieure : Autre mat\u00e9riau<\/p>\n","protected":false},"excerpt":{"rendered":"<p>Baskets Puma pour enfants Evolve Run Mesh Jr. Baskets l\u00e9g\u00e8res pour enfants. L&rsquo;outillage flexible avec une semelle interm\u00e9diaire en EVA souple et un look progressif est con\u00e7u pour un usage quotidien. Le mat\u00e9riau sup\u00e9rieur est dot\u00e9 de d\u00e9tails techniques tels que des superpositions thermofusibles ou des lignes en relief pour les enfants sportifs de tous [&hellip;]<\/p>\n","protected":false},"featured_media":14566,"comment_status":"open","ping_status":"closed","template":"","meta":{"om_disable_all_campaigns":false,"_monsterinsights_skip_tracking":false,"_monsterinsights_sitenote_active":false,"_monsterinsights_sitenote_note":"","_monsterinsights_sitenote_category":0},"product_cat":[58,62,56,45,32,157],"product_tag":[],"class_list":["post-7486","product","type-product","status-publish","has-post-thumbnail","hentry","product_cat-chaussures","product_cat-chaussures-homme","product_cat-enfant","product_cat-femme","product_cat-men","product_cat-promos","rtwpvs-product"],"aioseo_notices":[],"jetpack_sharing_enabled":true,"_links":{"self":[{"href":"https:\/\/allinpeek.shop\/index.php\/wp-json\/wp\/v2\/product\/7486","targetHints":{"allow":["GET"]}}],"collection":[{"href":"https:\/\/allinpeek.shop\/index.php\/wp-json\/wp\/v2\/product"}],"about":[{"href":"https:\/\/allinpeek.shop\/index.php\/wp-json\/wp\/v2\/types\/product"}],"replies":[{"embeddable":true,"href":"https:\/\/allinpeek.shop\/index.php\/wp-json\/wp\/v2\/comments?post=7486"}],"wp:featuredmedia":[{"embeddable":true,"href":"https:\/\/allinpeek.shop\/index.php\/wp-json\/wp\/v2\/media\/14566"}],"wp:attachment":[{"href":"https:\/\/allinpeek.shop\/index.php\/wp-json\/wp\/v2\/media?parent=7486"}],"wp:term":[{"taxonomy":"product_cat","embeddable":true,"href":"https:\/\/allinpeek.shop\/index.php\/wp-json\/wp\/v2\/product_cat?post=7486"},{"taxonomy":"product_tag","embeddable":true,"href":"https:\/\/allinpeek.shop\/index.php\/wp-json\/wp\/v2\/product_tag?post=7486"}],"curies":[{"name":"wp","href":"https:\/\/api.w.org\/{rel}","templated":true}]}}