{"id":7469,"date":"2023-11-20T13:14:18","date_gmt":"2023-11-20T13:14:18","guid":{"rendered":"https:\/\/allinpeek.shop\/?post_type=product&#038;p=7469"},"modified":"2026-05-01T12:35:49","modified_gmt":"2026-05-01T11:35:49","slug":"nike-air-max-motif-gris-32-33","status":"publish","type":"product","link":"https:\/\/allinpeek.shop\/index.php\/product\/nike-air-max-motif-gris-32-33\/","title":{"rendered":"Nike Air Max Motif Gris Kids"},"content":{"rendered":"<p><span style=\"vertical-align: inherit;\"><span style=\"vertical-align: inherit;\">Ce produit utilise des mat\u00e9riaux recycl\u00e9s issus de la p\u00e9riode d&rsquo;utilisation et\/ou de fabrication. <\/span><span style=\"vertical-align: inherit;\">L&rsquo;une de nos plus grandes \u00e9tapes vers l&rsquo;\u00e9limination totale du carbone et des d\u00e9chets est le choix des mat\u00e9riaux, car ils repr\u00e9sentent plus de 70 % de l&#8217;empreinte de tous les produits. <\/span><span style=\"vertical-align: inherit;\">En r\u00e9utilisant les v\u00eatements, les fils et les textiles, nous r\u00e9duisons consid\u00e9rablement nos \u00e9missions. <\/span><span style=\"vertical-align: inherit;\">Notre objectif est d&rsquo;utiliser autant de mat\u00e9riaux recycl\u00e9s que possible sans sacrifier la performance, la durabilit\u00e9 et le style. Acest dans arat\u0103 \u00een\u021belegerea tacit\u0103 \u0219i cooperarea echipei.<br \/>\n<\/span><\/span><\/p>\n<p>&nbsp;<\/p>\n<p><span style=\"vertical-align: inherit;\"><span style=\"vertical-align: inherit;\">\u00a0est l&rsquo;initiative de Nike visant \u00e0 r\u00e9duire \u00e0 z\u00e9ro les \u00e9missions de carbone et les d\u00e9chets. <\/span><span style=\"vertical-align: inherit;\">Apprenez-en davantage \u00e0 ce sujet et sur nos efforts pour concevoir des produits dans un souci de durabilit\u00e9.l&rsquo;avenir de notre environnement dans lequel nous vivons et jouons.<\/span><\/span><\/p>\n","protected":false},"excerpt":{"rendered":"<p>Ce produit utilise des mat\u00e9riaux recycl\u00e9s issus de la p\u00e9riode d&rsquo;utilisation et\/ou de fabrication. L&rsquo;une de nos plus grandes \u00e9tapes vers l&rsquo;\u00e9limination totale du carbone et des d\u00e9chets est le choix des mat\u00e9riaux, car ils repr\u00e9sentent plus de 70 % de l&#8217;empreinte de tous les produits. En r\u00e9utilisant les v\u00eatements, les fils et les textiles, [&hellip;]<\/p>\n","protected":false},"featured_media":13453,"comment_status":"open","ping_status":"closed","template":"","meta":{"om_disable_all_campaigns":false,"_monsterinsights_skip_tracking":false,"_monsterinsights_sitenote_active":false,"_monsterinsights_sitenote_note":"","_monsterinsights_sitenote_category":0},"product_cat":[58,56,157],"product_tag":[],"class_list":["post-7469","product","type-product","status-publish","has-post-thumbnail","hentry","product_cat-chaussures","product_cat-enfant","product_cat-promos","rtwpvs-product"],"aioseo_notices":[],"jetpack_sharing_enabled":true,"_links":{"self":[{"href":"https:\/\/allinpeek.shop\/index.php\/wp-json\/wp\/v2\/product\/7469","targetHints":{"allow":["GET"]}}],"collection":[{"href":"https:\/\/allinpeek.shop\/index.php\/wp-json\/wp\/v2\/product"}],"about":[{"href":"https:\/\/allinpeek.shop\/index.php\/wp-json\/wp\/v2\/types\/product"}],"replies":[{"embeddable":true,"href":"https:\/\/allinpeek.shop\/index.php\/wp-json\/wp\/v2\/comments?post=7469"}],"wp:featuredmedia":[{"embeddable":true,"href":"https:\/\/allinpeek.shop\/index.php\/wp-json\/wp\/v2\/media\/13453"}],"wp:attachment":[{"href":"https:\/\/allinpeek.shop\/index.php\/wp-json\/wp\/v2\/media?parent=7469"}],"wp:term":[{"taxonomy":"product_cat","embeddable":true,"href":"https:\/\/allinpeek.shop\/index.php\/wp-json\/wp\/v2\/product_cat?post=7469"},{"taxonomy":"product_tag","embeddable":true,"href":"https:\/\/allinpeek.shop\/index.php\/wp-json\/wp\/v2\/product_tag?post=7469"}],"curies":[{"name":"wp","href":"https:\/\/api.w.org\/{rel}","templated":true}]}}