{"id":7433,"date":"2023-10-28T19:14:35","date_gmt":"2023-10-28T18:14:35","guid":{"rendered":"https:\/\/allinpeek.shop\/?post_type=product&#038;p=7433"},"modified":"2025-11-11T19:14:41","modified_gmt":"2025-11-11T19:14:41","slug":"nike-court-zoom-lite-3-premuim","status":"publish","type":"product","link":"https:\/\/allinpeek.shop\/index.php\/product\/nike-court-zoom-lite-3-premuim\/","title":{"rendered":"Nike court zoom lite 3 premuim ,GS"},"content":{"rendered":"<p>\u00c0 premi\u00e8re vue, la Nike Zoom Court Lite 3 Premium ressemble \u00e0 une chaussure de tennis classique. Regardez de plus pr\u00e8s et vous constaterez que c&rsquo;est tout le contraire. Avec une unit\u00e9 Zoom Air \u00e9lastique, une semelle ext\u00e9rieure adh\u00e9rente et un col rembourr\u00e9 incroyablement confortable, elle offre les performances dont vous avez besoin pour jouer \u00e0 votre meilleur<\/p>\n<p><strong>Avantages <\/strong><\/p>\n<p>L&rsquo;unit\u00e9 Zoom Air \u00e0 l&rsquo;avant-pied est \u00e9lastique et r\u00e9active.<\/p>\n<p>Le cuir sur la tige offre une durabilit\u00e9 et ajoute un look haut de gamme.<\/p>\n<p>La manche interne extensible \u00e9pouse votre pied pour un ajustement semblable \u00e0 une chaussette.<\/p>\n<p>Le mesh sur les c\u00f4t\u00e9s ajoute de la respirabilit\u00e9.<\/p>\n<p><strong>d\u00e9tails du produit<\/strong><\/p>\n<p>Con\u00e7u pour \u00eatre port\u00e9 sur des surfaces dures<\/p>\n<p>Semelle ext\u00e9rieure en caoutchouc<\/p>\n","protected":false},"excerpt":{"rendered":"<p>\u00c0 premi\u00e8re vue, la Nike Zoom Court Lite 3 Premium ressemble \u00e0 une chaussure de tennis classique. Regardez de plus pr\u00e8s et vous constaterez que c&rsquo;est tout le contraire. Avec une unit\u00e9 Zoom Air \u00e9lastique, une semelle ext\u00e9rieure adh\u00e9rente et un col rembourr\u00e9 incroyablement confortable, elle offre les performances dont vous avez besoin pour jouer [&hellip;]<\/p>\n","protected":false},"featured_media":7437,"comment_status":"open","ping_status":"closed","template":"","meta":{"om_disable_all_campaigns":false,"_monsterinsights_skip_tracking":false,"_monsterinsights_sitenote_active":false,"_monsterinsights_sitenote_note":"","_monsterinsights_sitenote_category":0},"product_cat":[58,62,56,32,157],"product_tag":[],"class_list":["post-7433","product","type-product","status-publish","has-post-thumbnail","hentry","product_cat-chaussures","product_cat-chaussures-homme","product_cat-enfant","product_cat-men","product_cat-promos","rtwpvs-product"],"aioseo_notices":[],"jetpack_sharing_enabled":true,"_links":{"self":[{"href":"https:\/\/allinpeek.shop\/index.php\/wp-json\/wp\/v2\/product\/7433","targetHints":{"allow":["GET"]}}],"collection":[{"href":"https:\/\/allinpeek.shop\/index.php\/wp-json\/wp\/v2\/product"}],"about":[{"href":"https:\/\/allinpeek.shop\/index.php\/wp-json\/wp\/v2\/types\/product"}],"replies":[{"embeddable":true,"href":"https:\/\/allinpeek.shop\/index.php\/wp-json\/wp\/v2\/comments?post=7433"}],"wp:featuredmedia":[{"embeddable":true,"href":"https:\/\/allinpeek.shop\/index.php\/wp-json\/wp\/v2\/media\/7437"}],"wp:attachment":[{"href":"https:\/\/allinpeek.shop\/index.php\/wp-json\/wp\/v2\/media?parent=7433"}],"wp:term":[{"taxonomy":"product_cat","embeddable":true,"href":"https:\/\/allinpeek.shop\/index.php\/wp-json\/wp\/v2\/product_cat?post=7433"},{"taxonomy":"product_tag","embeddable":true,"href":"https:\/\/allinpeek.shop\/index.php\/wp-json\/wp\/v2\/product_tag?post=7433"}],"curies":[{"name":"wp","href":"https:\/\/api.w.org\/{rel}","templated":true}]}}