{"id":7324,"date":"2023-10-26T19:35:01","date_gmt":"2023-10-26T18:35:01","guid":{"rendered":"https:\/\/allinpeek.shop\/?post_type=product&#038;p=7324"},"modified":"2025-11-11T18:58:15","modified_gmt":"2025-11-11T18:58:15","slug":"nike-air-max-90-ltr-unisex","status":"publish","type":"product","link":"https:\/\/allinpeek.shop\/index.php\/product\/nike-air-max-90-ltr-unisex\/","title":{"rendered":"Nike Air Max 90 Gs  unisex,38.5"},"content":{"rendered":"<p>La Nike Air Max 90 LTR revient avec une sensation encore meilleure pour vous. Le rembourrage est plus doux et plus flexible que les versions pr\u00e9c\u00e9dentes, et l&rsquo;unit\u00e9 Max Air est adapt\u00e9e aux pieds en pleine croissance, tandis que la forme donne \u00e0 vos orteils plus de marge de man\u0153uvre. Avec un design et un look toujours aussi g\u00e9niaux, il apporte un favori des ann\u00e9es 90 \u00e0 une nouvelle g\u00e9n\u00e9ration.<\/p>\n<p>Couleur affich\u00e9e : Blanc\/noir \/ rouge<\/p>\n","protected":false},"excerpt":{"rendered":"<p>La Nike Air Max 90 LTR revient avec une sensation encore meilleure pour vous. Le rembourrage est plus doux et plus flexible que les versions pr\u00e9c\u00e9dentes, et l&rsquo;unit\u00e9 Max Air est adapt\u00e9e aux pieds en pleine croissance, tandis que la forme donne \u00e0 vos orteils plus de marge de man\u0153uvre. Avec un design et un [&hellip;]<\/p>\n","protected":false},"featured_media":7334,"comment_status":"open","ping_status":"closed","template":"","meta":{"om_disable_all_campaigns":false,"_monsterinsights_skip_tracking":false,"_monsterinsights_sitenote_active":false,"_monsterinsights_sitenote_note":"","_monsterinsights_sitenote_category":0},"product_cat":[58,62,56,32,157],"product_tag":[],"class_list":["post-7324","product","type-product","status-publish","has-post-thumbnail","hentry","product_cat-chaussures","product_cat-chaussures-homme","product_cat-enfant","product_cat-men","product_cat-promos","rtwpvs-product"],"aioseo_notices":[],"jetpack_sharing_enabled":true,"_links":{"self":[{"href":"https:\/\/allinpeek.shop\/index.php\/wp-json\/wp\/v2\/product\/7324","targetHints":{"allow":["GET"]}}],"collection":[{"href":"https:\/\/allinpeek.shop\/index.php\/wp-json\/wp\/v2\/product"}],"about":[{"href":"https:\/\/allinpeek.shop\/index.php\/wp-json\/wp\/v2\/types\/product"}],"replies":[{"embeddable":true,"href":"https:\/\/allinpeek.shop\/index.php\/wp-json\/wp\/v2\/comments?post=7324"}],"wp:featuredmedia":[{"embeddable":true,"href":"https:\/\/allinpeek.shop\/index.php\/wp-json\/wp\/v2\/media\/7334"}],"wp:attachment":[{"href":"https:\/\/allinpeek.shop\/index.php\/wp-json\/wp\/v2\/media?parent=7324"}],"wp:term":[{"taxonomy":"product_cat","embeddable":true,"href":"https:\/\/allinpeek.shop\/index.php\/wp-json\/wp\/v2\/product_cat?post=7324"},{"taxonomy":"product_tag","embeddable":true,"href":"https:\/\/allinpeek.shop\/index.php\/wp-json\/wp\/v2\/product_tag?post=7324"}],"curies":[{"name":"wp","href":"https:\/\/api.w.org\/{rel}","templated":true}]}}