{"id":7292,"date":"2023-10-26T18:34:56","date_gmt":"2023-10-26T17:34:56","guid":{"rendered":"https:\/\/allinpeek.shop\/?post_type=product&#038;p=7292"},"modified":"2025-11-11T19:00:23","modified_gmt":"2025-11-11T19:00:23","slug":"nike-air-max-dawn-dh3157-007-gris","status":"publish","type":"product","link":"https:\/\/allinpeek.shop\/index.php\/product\/nike-air-max-dawn-dh3157-007-gris\/","title":{"rendered":"Nike Air Max Dawn DH3157-007 Gris , GS"},"content":{"rendered":"<p><strong>NOUVEAU STYLE, DAIM DOUX. <\/strong><\/p>\n<p>Dans le monde Air Max, c&rsquo;est un nouveau jour avec la Nike Air Max Dawn. Nous apportons une ambiance classique avec des d\u00e9tails en daim doux et construisons un look pour l&rsquo;avenir avec une chaussure fabriqu\u00e9e \u00e0 partir d&rsquo;au moins 20 % de mat\u00e9riaux recycl\u00e9s en poids. Simples, polyvalentes et rembourr\u00e9es avec Air : vous ne pouvez pas vous tromper en commen\u00e7ant votre journ\u00e9e avec ces chaussures.<\/p>\n<p><strong>Coup de pied<\/strong><\/p>\n<p>\u00e0 la vieille \u00e9cole Une combinaison de daim recycl\u00e9 et d&rsquo;autres mat\u00e9riaux dans la tige apporte une sensation de retour aux baskets Nike du pass\u00e9. Une semelle en caoutchouc l\u00e9g\u00e8re utilise environ 5 % de caoutchouc Nike Grind pour une traction durable.<\/p>\n<p><strong>Tout sur l&rsquo;air <\/strong><\/p>\n<p>Une unit\u00e9 Max Air sous le talon et une mousse souple sous le pied offrent un amorti moelleux et l\u00e9ger.<\/p>\n<p>Sensation de s\u00e9curit\u00e9<\/p>\n<p>Un clip en plastique autour du talon assure la stabilit\u00e9 lors des mouvements dans toutes les directions pendant le jeu.<\/p>\n<p><strong> d\u00e9tails du produit<\/strong><\/p>\n<p>Lacets classiques Semelle fine en caoutchouc<\/p>\n","protected":false},"excerpt":{"rendered":"<p>NOUVEAU STYLE, DAIM DOUX. Dans le monde Air Max, c&rsquo;est un nouveau jour avec la Nike Air Max Dawn. Nous apportons une ambiance classique avec des d\u00e9tails en daim doux et construisons un look pour l&rsquo;avenir avec une chaussure fabriqu\u00e9e \u00e0 partir d&rsquo;au moins 20 % de mat\u00e9riaux recycl\u00e9s en poids. Simples, polyvalentes et rembourr\u00e9es [&hellip;]<\/p>\n","protected":false},"featured_media":20354,"comment_status":"open","ping_status":"closed","template":"","meta":{"om_disable_all_campaigns":false,"_monsterinsights_skip_tracking":false,"_monsterinsights_sitenote_active":false,"_monsterinsights_sitenote_note":"","_monsterinsights_sitenote_category":0},"product_cat":[58,60,56,45,157],"product_tag":[],"class_list":["post-7292","product","type-product","status-publish","has-post-thumbnail","hentry","product_cat-chaussures","product_cat-chaussures-femme","product_cat-enfant","product_cat-femme","product_cat-promos","rtwpvs-product"],"aioseo_notices":[],"jetpack_sharing_enabled":true,"_links":{"self":[{"href":"https:\/\/allinpeek.shop\/index.php\/wp-json\/wp\/v2\/product\/7292","targetHints":{"allow":["GET"]}}],"collection":[{"href":"https:\/\/allinpeek.shop\/index.php\/wp-json\/wp\/v2\/product"}],"about":[{"href":"https:\/\/allinpeek.shop\/index.php\/wp-json\/wp\/v2\/types\/product"}],"replies":[{"embeddable":true,"href":"https:\/\/allinpeek.shop\/index.php\/wp-json\/wp\/v2\/comments?post=7292"}],"wp:featuredmedia":[{"embeddable":true,"href":"https:\/\/allinpeek.shop\/index.php\/wp-json\/wp\/v2\/media\/20354"}],"wp:attachment":[{"href":"https:\/\/allinpeek.shop\/index.php\/wp-json\/wp\/v2\/media?parent=7292"}],"wp:term":[{"taxonomy":"product_cat","embeddable":true,"href":"https:\/\/allinpeek.shop\/index.php\/wp-json\/wp\/v2\/product_cat?post=7292"},{"taxonomy":"product_tag","embeddable":true,"href":"https:\/\/allinpeek.shop\/index.php\/wp-json\/wp\/v2\/product_tag?post=7292"}],"curies":[{"name":"wp","href":"https:\/\/api.w.org\/{rel}","templated":true}]}}