{"id":7235,"date":"2023-10-26T14:56:41","date_gmt":"2023-10-26T13:56:41","guid":{"rendered":"https:\/\/allinpeek.shop\/?post_type=product&#038;p=7235"},"modified":"2025-11-11T18:59:22","modified_gmt":"2025-11-11T18:59:22","slug":"nike-air-max-dawn-black-green-white","status":"publish","type":"product","link":"https:\/\/allinpeek.shop\/index.php\/product\/nike-air-max-dawn-black-green-white\/","title":{"rendered":"Nike air max dawn Black Green White , GS"},"content":{"rendered":"<p><span style=\"vertical-align: inherit;\"><span style=\"vertical-align: inherit;\">Nike Air Max Dawn Noir Vert Blanc DH3157 001. Fabriqu\u00e9es dans un tissu en daim recycl\u00e9 doux, ces chaussures gardent vos gar\u00e7ons bien au chaud pendant qu&rsquo;ils partent prendre une grande bouch\u00e9e de ce monde. <\/span><span style=\"vertical-align: inherit;\">Qu&rsquo;il s&rsquo;agisse de se pr\u00e9cipiter \u00e0 l&rsquo;\u00e9cole ou de sauter avec des amis, vos gar\u00e7ons peuvent tout faire avec la Nike Air Max Dawn.<\/span><\/span><\/p>\n","protected":false},"excerpt":{"rendered":"<p>Nike Air Max Dawn Noir Vert Blanc DH3157 001. Fabriqu\u00e9es dans un tissu en daim recycl\u00e9 doux, ces chaussures gardent vos gar\u00e7ons bien au chaud pendant qu&rsquo;ils partent prendre une grande bouch\u00e9e de ce monde. Qu&rsquo;il s&rsquo;agisse de se pr\u00e9cipiter \u00e0 l&rsquo;\u00e9cole ou de sauter avec des amis, vos gar\u00e7ons peuvent tout faire avec la [&hellip;]<\/p>\n","protected":false},"featured_media":9849,"comment_status":"open","ping_status":"closed","template":"","meta":{"om_disable_all_campaigns":false,"_monsterinsights_skip_tracking":false,"_monsterinsights_sitenote_active":false,"_monsterinsights_sitenote_note":"","_monsterinsights_sitenote_category":0},"product_cat":[58,62,56,32,157],"product_tag":[],"class_list":["post-7235","product","type-product","status-publish","has-post-thumbnail","hentry","product_cat-chaussures","product_cat-chaussures-homme","product_cat-enfant","product_cat-men","product_cat-promos","rtwpvs-product"],"aioseo_notices":[],"jetpack_sharing_enabled":true,"_links":{"self":[{"href":"https:\/\/allinpeek.shop\/index.php\/wp-json\/wp\/v2\/product\/7235","targetHints":{"allow":["GET"]}}],"collection":[{"href":"https:\/\/allinpeek.shop\/index.php\/wp-json\/wp\/v2\/product"}],"about":[{"href":"https:\/\/allinpeek.shop\/index.php\/wp-json\/wp\/v2\/types\/product"}],"replies":[{"embeddable":true,"href":"https:\/\/allinpeek.shop\/index.php\/wp-json\/wp\/v2\/comments?post=7235"}],"wp:featuredmedia":[{"embeddable":true,"href":"https:\/\/allinpeek.shop\/index.php\/wp-json\/wp\/v2\/media\/9849"}],"wp:attachment":[{"href":"https:\/\/allinpeek.shop\/index.php\/wp-json\/wp\/v2\/media?parent=7235"}],"wp:term":[{"taxonomy":"product_cat","embeddable":true,"href":"https:\/\/allinpeek.shop\/index.php\/wp-json\/wp\/v2\/product_cat?post=7235"},{"taxonomy":"product_tag","embeddable":true,"href":"https:\/\/allinpeek.shop\/index.php\/wp-json\/wp\/v2\/product_tag?post=7235"}],"curies":[{"name":"wp","href":"https:\/\/api.w.org\/{rel}","templated":true}]}}