{"id":19198,"date":"2025-02-07T17:40:02","date_gmt":"2025-02-07T17:40:02","guid":{"rendered":"https:\/\/allinpeek.shop\/?post_type=product&#038;p=19198"},"modified":"2025-11-11T18:44:38","modified_gmt":"2025-11-11T18:44:38","slug":"lacoste-sweatshirt-zippe-sport-en-molleton-de-coton-melange-uni","status":"publish","type":"product","link":"https:\/\/allinpeek.shop\/index.php\/product\/lacoste-sweatshirt-zippe-sport-en-molleton-de-coton-melange-uni\/","title":{"rendered":"Lacoste Sweatshirt zipp\u00e9  SPORT en molleton de coton m\u00e9lang\u00e9 uni"},"content":{"rendered":"","protected":false},"excerpt":{"rendered":"","protected":false},"featured_media":21369,"comment_status":"open","ping_status":"closed","template":"","meta":{"om_disable_all_campaigns":false,"_monsterinsights_skip_tracking":false,"_monsterinsights_sitenote_active":false,"_monsterinsights_sitenote_note":"","_monsterinsights_sitenote_category":0},"product_cat":[18],"product_tag":[],"class_list":["post-19198","product","type-product","status-publish","has-post-thumbnail","hentry","product_cat-uncategorized","rtwpvs-product"],"aioseo_notices":[],"jetpack_sharing_enabled":true,"_links":{"self":[{"href":"https:\/\/allinpeek.shop\/index.php\/wp-json\/wp\/v2\/product\/19198","targetHints":{"allow":["GET"]}}],"collection":[{"href":"https:\/\/allinpeek.shop\/index.php\/wp-json\/wp\/v2\/product"}],"about":[{"href":"https:\/\/allinpeek.shop\/index.php\/wp-json\/wp\/v2\/types\/product"}],"replies":[{"embeddable":true,"href":"https:\/\/allinpeek.shop\/index.php\/wp-json\/wp\/v2\/comments?post=19198"}],"wp:featuredmedia":[{"embeddable":true,"href":"https:\/\/allinpeek.shop\/index.php\/wp-json\/wp\/v2\/media\/21369"}],"wp:attachment":[{"href":"https:\/\/allinpeek.shop\/index.php\/wp-json\/wp\/v2\/media?parent=19198"}],"wp:term":[{"taxonomy":"product_cat","embeddable":true,"href":"https:\/\/allinpeek.shop\/index.php\/wp-json\/wp\/v2\/product_cat?post=19198"},{"taxonomy":"product_tag","embeddable":true,"href":"https:\/\/allinpeek.shop\/index.php\/wp-json\/wp\/v2\/product_tag?post=19198"}],"curies":[{"name":"wp","href":"https:\/\/api.w.org\/{rel}","templated":true}]}}