{"id":12914,"date":"2024-09-02T15:37:58","date_gmt":"2024-09-02T14:37:58","guid":{"rendered":"https:\/\/allinpeek.shop\/index.php\/product\/eastpak-sac-a-dos-out-of-office\/"},"modified":"2025-12-15T10:32:16","modified_gmt":"2025-12-15T10:32:16","slug":"eastpak-sac-a-dos-out-of-office","status":"publish","type":"product","link":"https:\/\/allinpeek.shop\/index.php\/product\/eastpak-sac-a-dos-out-of-office\/","title":{"rendered":"EASTPAK SAC A DOS OUT OF OFFICE 27 l"},"content":{"rendered":"<p>Description du produit<\/p>\n<p>Notre confortable sac \u00e0 dos affiche un joli motif \u00e0 fleurs et un fini brillant. Prot\u00e9gez votre ordinateur portable gr\u00e2ce \u00e0 la housse int\u00e9gr\u00e9e et r\u00e9glez ses bretelles rembourr\u00e9es en fonction de vos envies.<\/p>\n<p>Sp\u00e9cification<\/p>\n<p>\u2022 Dans notre coloris Flower Shine Navy brillant<\/p>\n<p>\u2022 Compartiment principal avec une poche avant zipp\u00e9e<\/p>\n<p>\u2022 100% polyester<\/p>\n<p>\u2022 Bretelles r\u00e9glables et panneau dorsal rembourr\u00e9s<\/p>\n<p>\u2022 Housse rembourr\u00e9e pour ordinateur portable jusqu&rsquo;\u00e0 13 pouces<\/p>\n<p>\u2022 Tissu effet paillet\u00e9<\/p>\n<p>\u2022 Aucun produit animal n&rsquo;est utilis\u00e9 pour fabriquer ce produit 100% v\u00e9gan<\/p>\n","protected":false},"excerpt":{"rendered":"<p>Description du produit Notre confortable sac \u00e0 dos affiche un joli motif \u00e0 fleurs et un fini brillant. Prot\u00e9gez votre ordinateur portable gr\u00e2ce \u00e0 la housse int\u00e9gr\u00e9e et r\u00e9glez ses bretelles rembourr\u00e9es en fonction de vos envies. Sp\u00e9cification \u2022 Dans notre coloris Flower Shine Navy brillant \u2022 Compartiment principal avec une poche avant zipp\u00e9e \u2022 [&hellip;]<\/p>\n","protected":false},"featured_media":12908,"comment_status":"open","ping_status":"closed","template":"","meta":{"om_disable_all_campaigns":false,"_monsterinsights_skip_tracking":false,"_monsterinsights_sitenote_active":false,"_monsterinsights_sitenote_note":"","_monsterinsights_sitenote_category":0},"product_cat":[18],"product_tag":[],"class_list":["post-12914","product","type-product","status-publish","has-post-thumbnail","hentry","product_cat-uncategorized"],"aioseo_notices":[],"jetpack_sharing_enabled":true,"_links":{"self":[{"href":"https:\/\/allinpeek.shop\/index.php\/wp-json\/wp\/v2\/product\/12914","targetHints":{"allow":["GET"]}}],"collection":[{"href":"https:\/\/allinpeek.shop\/index.php\/wp-json\/wp\/v2\/product"}],"about":[{"href":"https:\/\/allinpeek.shop\/index.php\/wp-json\/wp\/v2\/types\/product"}],"replies":[{"embeddable":true,"href":"https:\/\/allinpeek.shop\/index.php\/wp-json\/wp\/v2\/comments?post=12914"}],"wp:featuredmedia":[{"embeddable":true,"href":"https:\/\/allinpeek.shop\/index.php\/wp-json\/wp\/v2\/media\/12908"}],"wp:attachment":[{"href":"https:\/\/allinpeek.shop\/index.php\/wp-json\/wp\/v2\/media?parent=12914"}],"wp:term":[{"taxonomy":"product_cat","embeddable":true,"href":"https:\/\/allinpeek.shop\/index.php\/wp-json\/wp\/v2\/product_cat?post=12914"},{"taxonomy":"product_tag","embeddable":true,"href":"https:\/\/allinpeek.shop\/index.php\/wp-json\/wp\/v2\/product_tag?post=12914"}],"curies":[{"name":"wp","href":"https:\/\/api.w.org\/{rel}","templated":true}]}}