{"id":11005,"date":"2024-06-03T11:48:14","date_gmt":"2024-06-03T10:48:14","guid":{"rendered":"https:\/\/allinpeek.shop\/?post_type=product&#038;p=11005"},"modified":"2026-04-01T17:27:53","modified_gmt":"2026-04-01T16:27:53","slug":"timberland-sandales-castle-island","status":"publish","type":"product","link":"https:\/\/allinpeek.shop\/index.php\/product\/timberland-sandales-castle-island\/","title":{"rendered":"Timberland Sandales Castle Island"},"content":{"rendered":"<p><strong>Caract\u00e9ristiques<\/strong> :<\/p>\n<p>&#8211; Tige en cuir synth\u00e9tique l\u00e9ger et imperm\u00e9able<br \/>\n&#8211; Fermeture \u00e0 boucle r\u00e9glable<br \/>\n&#8211; Doublure en daim synth\u00e9tique<br \/>\n&#8211; Semelle intercalaire en EVA<br \/>\n&#8211; Semelle en caoutchouc<\/p>\n<p>Vous pouvez d\u00e9sormais effectuer tous vos achats sans sortir de chez vous avec dressinn , votre boutique en ligne de confiance sp\u00e9cialis\u00e9e dans la mode . Nous souhaitons que vous profitiez de votre temps libre d&rsquo;une mani\u00e8re unique et c&rsquo;est pourquoi nous vous proposons la plus grande s\u00e9lection de produits Timberland . Consultez la liste compl\u00e8te des chaussures pour enfants !<\/p>\n","protected":false},"excerpt":{"rendered":"<p>Caract\u00e9ristiques : &#8211; Tige en cuir synth\u00e9tique l\u00e9ger et imperm\u00e9able &#8211; Fermeture \u00e0 boucle r\u00e9glable &#8211; Doublure en daim synth\u00e9tique &#8211; Semelle intercalaire en EVA &#8211; Semelle en caoutchouc Vous pouvez d\u00e9sormais effectuer tous vos achats sans sortir de chez vous avec dressinn , votre boutique en ligne de confiance sp\u00e9cialis\u00e9e dans la mode . [&hellip;]<\/p>\n","protected":false},"featured_media":11002,"comment_status":"open","ping_status":"closed","template":"","meta":{"om_disable_all_campaigns":false,"_monsterinsights_skip_tracking":false,"_monsterinsights_sitenote_active":false,"_monsterinsights_sitenote_note":"","_monsterinsights_sitenote_category":0},"product_cat":[18],"product_tag":[],"class_list":["post-11005","product","type-product","status-publish","has-post-thumbnail","hentry","product_cat-uncategorized","rtwpvs-product"],"aioseo_notices":[],"jetpack_sharing_enabled":true,"_links":{"self":[{"href":"https:\/\/allinpeek.shop\/index.php\/wp-json\/wp\/v2\/product\/11005","targetHints":{"allow":["GET"]}}],"collection":[{"href":"https:\/\/allinpeek.shop\/index.php\/wp-json\/wp\/v2\/product"}],"about":[{"href":"https:\/\/allinpeek.shop\/index.php\/wp-json\/wp\/v2\/types\/product"}],"replies":[{"embeddable":true,"href":"https:\/\/allinpeek.shop\/index.php\/wp-json\/wp\/v2\/comments?post=11005"}],"wp:featuredmedia":[{"embeddable":true,"href":"https:\/\/allinpeek.shop\/index.php\/wp-json\/wp\/v2\/media\/11002"}],"wp:attachment":[{"href":"https:\/\/allinpeek.shop\/index.php\/wp-json\/wp\/v2\/media?parent=11005"}],"wp:term":[{"taxonomy":"product_cat","embeddable":true,"href":"https:\/\/allinpeek.shop\/index.php\/wp-json\/wp\/v2\/product_cat?post=11005"},{"taxonomy":"product_tag","embeddable":true,"href":"https:\/\/allinpeek.shop\/index.php\/wp-json\/wp\/v2\/product_tag?post=11005"}],"curies":[{"name":"wp","href":"https:\/\/api.w.org\/{rel}","templated":true}]}}