{"id":10964,"date":"2024-06-03T11:14:25","date_gmt":"2024-06-03T10:14:25","guid":{"rendered":"https:\/\/allinpeek.shop\/?post_type=product&#038;p=10964"},"modified":"2025-11-11T20:14:54","modified_gmt":"2025-11-11T20:14:54","slug":"timberland-chaussures-de-randonnee-solar-wave-low-junior","status":"publish","type":"product","link":"https:\/\/allinpeek.shop\/index.php\/product\/timberland-chaussures-de-randonnee-solar-wave-low-junior\/","title":{"rendered":"Timberland Chaussures de randonn\u00e9e Solar Wave Low Junior KiDS"},"content":{"rendered":"<p>Tige en tissu ReBOTL \u2122<br \/>\nTraitement Defender Repellent Systems\u00ae<br \/>\nBut\u00e9e d&rsquo;orteil et talon en caoutchouc d&rsquo;escalade<br \/>\nStyle \u00e0 lacets<br \/>\nDoublure en tissu ReBOTL \u2122<br \/>\nSemelle GreenStride \u2122<br \/>\nSemelle ext\u00e9rieure \u00e0 crampons en caoutchouc<br \/>\nSemelle int\u00e9rieure fabriqu\u00e9e \u00e0 75% de mati\u00e8re d&rsquo;origine biologique<\/p>\n<p>Les technologies:<\/p>\n<p>ReBOTL \u2122:<br \/>\nDes milliards de bouteilles \u00e0 travers le monde sont collect\u00e9es, recycl\u00e9es et transform\u00e9es en fils RPET que nous utilisons ensuite pour fabriquer des produits, afin de r\u00e9duire les d\u00e9chets. Les<\/p>\n","protected":false},"excerpt":{"rendered":"<p>Tige en tissu ReBOTL \u2122 Traitement Defender Repellent Systems\u00ae But\u00e9e d&rsquo;orteil et talon en caoutchouc d&rsquo;escalade Style \u00e0 lacets Doublure en tissu ReBOTL \u2122 Semelle GreenStride \u2122 Semelle ext\u00e9rieure \u00e0 crampons en caoutchouc Semelle int\u00e9rieure fabriqu\u00e9e \u00e0 75% de mati\u00e8re d&rsquo;origine biologique Les technologies: ReBOTL \u2122: Des milliards de bouteilles \u00e0 travers le monde sont [&hellip;]<\/p>\n","protected":false},"featured_media":10958,"comment_status":"open","ping_status":"closed","template":"","meta":{"om_disable_all_campaigns":false,"_monsterinsights_skip_tracking":false,"_monsterinsights_sitenote_active":false,"_monsterinsights_sitenote_note":"","_monsterinsights_sitenote_category":0},"product_cat":[58,56,157],"product_tag":[],"class_list":["post-10964","product","type-product","status-publish","has-post-thumbnail","hentry","product_cat-chaussures","product_cat-enfant","product_cat-promos","rtwpvs-product"],"aioseo_notices":[],"jetpack_sharing_enabled":true,"_links":{"self":[{"href":"https:\/\/allinpeek.shop\/index.php\/wp-json\/wp\/v2\/product\/10964","targetHints":{"allow":["GET"]}}],"collection":[{"href":"https:\/\/allinpeek.shop\/index.php\/wp-json\/wp\/v2\/product"}],"about":[{"href":"https:\/\/allinpeek.shop\/index.php\/wp-json\/wp\/v2\/types\/product"}],"replies":[{"embeddable":true,"href":"https:\/\/allinpeek.shop\/index.php\/wp-json\/wp\/v2\/comments?post=10964"}],"wp:featuredmedia":[{"embeddable":true,"href":"https:\/\/allinpeek.shop\/index.php\/wp-json\/wp\/v2\/media\/10958"}],"wp:attachment":[{"href":"https:\/\/allinpeek.shop\/index.php\/wp-json\/wp\/v2\/media?parent=10964"}],"wp:term":[{"taxonomy":"product_cat","embeddable":true,"href":"https:\/\/allinpeek.shop\/index.php\/wp-json\/wp\/v2\/product_cat?post=10964"},{"taxonomy":"product_tag","embeddable":true,"href":"https:\/\/allinpeek.shop\/index.php\/wp-json\/wp\/v2\/product_tag?post=10964"}],"curies":[{"name":"wp","href":"https:\/\/api.w.org\/{rel}","templated":true}]}}