{"id":10875,"date":"2024-05-30T16:49:08","date_gmt":"2024-05-30T15:49:08","guid":{"rendered":"https:\/\/allinpeek.shop\/?post_type=product&#038;p=10875"},"modified":"2026-04-16T15:31:17","modified_gmt":"2026-04-16T14:31:17","slug":"lacoste-sneakers-lt-en-tissue","status":"publish","type":"product","link":"https:\/\/allinpeek.shop\/index.php\/product\/lacoste-sneakers-lt-en-tissue\/","title":{"rendered":"LACOSTE Sneakers LT KIDS En Tissue"},"content":{"rendered":"<p>D\u00e9tails du produit<br \/>\nCes sneakers ax\u00e9es sur la performance incarnent avec brio le riche h\u00e9ritage sportif de Lacoste gr\u00e2ce \u00e0 des \u00e9l\u00e9ments techniques premium et une silhouette sophistiqu\u00e9e. L\u2019empeigne est confectionn\u00e9e en empi\u00e8cements de maille ajust\u00e9e pour plus de souplesse, tandis que le liser\u00e9 r\u00e9fl\u00e9chissant et les touches n\u00e9on attirent le regard. Le maillage en ripstop l\u00e9ger optimise la solidit\u00e9 de la chaussure, tandis que le lettrage Lacoste appara\u00eet discr\u00e8tement sur un empi\u00e8cement emboss\u00e9 du quartier pour apporter une touche finale embl\u00e9matique.<\/p>\n<p>Dessus en tissu<br \/>\nSemelle ext\u00e9rieure moul\u00e9e par injection en EVA et en caoutchouc<br \/>\nDoublure tissu et synth\u00e9tique<br \/>\nEmpi\u00e8cement emboss\u00e9 sur le quartier et orn\u00e9 du lettrage Lacoste<br \/>\nEmpi\u00e8cement en PU et liser\u00e9 r\u00e9fl\u00e9chissant pour une esth\u00e9tique sophistiqu\u00e9e<br \/>\n82 % tissu 18% synth\u00e9tique<\/p>\n","protected":false},"excerpt":{"rendered":"<p>D\u00e9tails du produit Ces sneakers ax\u00e9es sur la performance incarnent avec brio le riche h\u00e9ritage sportif de Lacoste gr\u00e2ce \u00e0 des \u00e9l\u00e9ments techniques premium et une silhouette sophistiqu\u00e9e. L\u2019empeigne est confectionn\u00e9e en empi\u00e8cements de maille ajust\u00e9e pour plus de souplesse, tandis que le liser\u00e9 r\u00e9fl\u00e9chissant et les touches n\u00e9on attirent le regard. Le maillage en [&hellip;]<\/p>\n","protected":false},"featured_media":10874,"comment_status":"open","ping_status":"closed","template":"","meta":{"om_disable_all_campaigns":false,"_monsterinsights_skip_tracking":false,"_monsterinsights_sitenote_active":false,"_monsterinsights_sitenote_note":"","_monsterinsights_sitenote_category":0},"product_cat":[58,56,157],"product_tag":[],"class_list":["post-10875","product","type-product","status-publish","has-post-thumbnail","hentry","product_cat-chaussures","product_cat-enfant","product_cat-promos","rtwpvs-product"],"aioseo_notices":[],"jetpack_sharing_enabled":true,"_links":{"self":[{"href":"https:\/\/allinpeek.shop\/index.php\/wp-json\/wp\/v2\/product\/10875","targetHints":{"allow":["GET"]}}],"collection":[{"href":"https:\/\/allinpeek.shop\/index.php\/wp-json\/wp\/v2\/product"}],"about":[{"href":"https:\/\/allinpeek.shop\/index.php\/wp-json\/wp\/v2\/types\/product"}],"replies":[{"embeddable":true,"href":"https:\/\/allinpeek.shop\/index.php\/wp-json\/wp\/v2\/comments?post=10875"}],"wp:featuredmedia":[{"embeddable":true,"href":"https:\/\/allinpeek.shop\/index.php\/wp-json\/wp\/v2\/media\/10874"}],"wp:attachment":[{"href":"https:\/\/allinpeek.shop\/index.php\/wp-json\/wp\/v2\/media?parent=10875"}],"wp:term":[{"taxonomy":"product_cat","embeddable":true,"href":"https:\/\/allinpeek.shop\/index.php\/wp-json\/wp\/v2\/product_cat?post=10875"},{"taxonomy":"product_tag","embeddable":true,"href":"https:\/\/allinpeek.shop\/index.php\/wp-json\/wp\/v2\/product_tag?post=10875"}],"curies":[{"name":"wp","href":"https:\/\/api.w.org\/{rel}","templated":true}]}}