{"id":10860,"date":"2024-05-30T16:31:13","date_gmt":"2024-05-30T15:31:13","guid":{"rendered":"https:\/\/allinpeek.shop\/?post_type=product&#038;p=10860"},"modified":"2026-04-16T15:34:36","modified_gmt":"2026-04-16T14:34:36","slug":"lacostebaskets-run-spin-knit-123-1-suj","status":"publish","type":"product","link":"https:\/\/allinpeek.shop\/index.php\/product\/lacostebaskets-run-spin-knit-123-1-suj\/","title":{"rendered":"LACOSTEbaskets RUN SPIN KNIT 123 1 SUJ , KIDS"},"content":{"rendered":"<p>D\u00c9TAILS<\/p>\n<p><strong>LACOSTE BASKETS RUN SPIN KNIT 123 1 SUJ BLEU MARINE<\/strong><br \/>\nARTICLE NO: 6706327578<br \/>\nMAT\u00c9RIAU<br \/>\nTige: textile<br \/>\nSemelle int\u00e9rieure: textile<br \/>\nSemelle: caoutchouc<br \/>\n<strong>D\u00c9TAILS<\/strong><br \/>\nSemelle int\u00e9rieure en Ortholite<br \/>\nDessus \u00e9lastique pour faciliter l&rsquo;habillage et le d\u00e9shabillage Languette de traction au talon Petit logo \u00e0 l&rsquo;ext\u00e9rieur<\/p>\n","protected":false},"excerpt":{"rendered":"<p>D\u00c9TAILS LACOSTE BASKETS RUN SPIN KNIT 123 1 SUJ BLEU MARINE ARTICLE NO: 6706327578 MAT\u00c9RIAU Tige: textile Semelle int\u00e9rieure: textile Semelle: caoutchouc D\u00c9TAILS Semelle int\u00e9rieure en Ortholite Dessus \u00e9lastique pour faciliter l&rsquo;habillage et le d\u00e9shabillage Languette de traction au talon Petit logo \u00e0 l&rsquo;ext\u00e9rieur<\/p>\n","protected":false},"featured_media":13136,"comment_status":"open","ping_status":"closed","template":"","meta":{"om_disable_all_campaigns":false,"_monsterinsights_skip_tracking":false,"_monsterinsights_sitenote_active":false,"_monsterinsights_sitenote_note":"","_monsterinsights_sitenote_category":0},"product_cat":[58,56,157],"product_tag":[],"class_list":["post-10860","product","type-product","status-publish","has-post-thumbnail","hentry","product_cat-chaussures","product_cat-enfant","product_cat-promos","rtwpvs-product"],"aioseo_notices":[],"jetpack_sharing_enabled":true,"_links":{"self":[{"href":"https:\/\/allinpeek.shop\/index.php\/wp-json\/wp\/v2\/product\/10860","targetHints":{"allow":["GET"]}}],"collection":[{"href":"https:\/\/allinpeek.shop\/index.php\/wp-json\/wp\/v2\/product"}],"about":[{"href":"https:\/\/allinpeek.shop\/index.php\/wp-json\/wp\/v2\/types\/product"}],"replies":[{"embeddable":true,"href":"https:\/\/allinpeek.shop\/index.php\/wp-json\/wp\/v2\/comments?post=10860"}],"wp:featuredmedia":[{"embeddable":true,"href":"https:\/\/allinpeek.shop\/index.php\/wp-json\/wp\/v2\/media\/13136"}],"wp:attachment":[{"href":"https:\/\/allinpeek.shop\/index.php\/wp-json\/wp\/v2\/media?parent=10860"}],"wp:term":[{"taxonomy":"product_cat","embeddable":true,"href":"https:\/\/allinpeek.shop\/index.php\/wp-json\/wp\/v2\/product_cat?post=10860"},{"taxonomy":"product_tag","embeddable":true,"href":"https:\/\/allinpeek.shop\/index.php\/wp-json\/wp\/v2\/product_tag?post=10860"}],"curies":[{"name":"wp","href":"https:\/\/api.w.org\/{rel}","templated":true}]}}