{"id":10851,"date":"2024-05-30T15:26:56","date_gmt":"2024-05-30T14:26:56","guid":{"rendered":"https:\/\/allinpeek.shop\/?post_type=product&#038;p=10851"},"modified":"2025-11-11T17:39:49","modified_gmt":"2025-11-11T17:39:49","slug":"guess-reneeyin-black-glitz","status":"publish","type":"product","link":"https:\/\/allinpeek.shop\/index.php\/product\/guess-reneeyin-black-glitz\/","title":{"rendered":"GUESS Reneey \nIN BLACK GLITZ"},"content":{"rendered":"<p><strong>Information produit<\/strong><\/p>\n<p><strong>Mat\u00e9riel et entretien<\/strong><br \/>\nMod\u00e8le:  cuir<br \/>\n\u00c0 l&rsquo;int\u00e9rieur:  tissu<br \/>\nPartie sup\u00e9rieure: Simili cuir\/-Simili cuir<br \/>\nCouverture: Dur<br \/>\nSeul: mat\u00e9riel de haute qualit\u00e9<br \/>\nContient des parties non textiles d&rsquo;origine animale : oui<br \/>\n<strong>d\u00e9tails du produit<\/strong><br \/>\nMarque:Guess<br \/>\nMod\u00e8le: Reneey FL7EEY PAF12<br \/>\nIndice:  0000208522854<\/p>\n<p><strong>Conception et style<\/strong><br \/>\nCouleur: Noir<br \/>\nCouleur du fabricant : NOIR<br \/>\nType de fermoir : Avec lacets<br \/>\nType de conseil :Ronde<br \/>\nUtiliser: occasionnel<br \/>\nAutres: cordons textiles<br \/>\nTaille et coupe \u00c9paisseur de la semelle :<br \/>\n2,5 cm<br \/>\nHauteur totale de la chaussure : 11 cm<br \/>\nPoids de la chaussure (plus petite pointure) :<br \/>\n384g<\/p>\n","protected":false},"excerpt":{"rendered":"<p>Information produit Mat\u00e9riel et entretien Mod\u00e8le: cuir \u00c0 l&rsquo;int\u00e9rieur: tissu Partie sup\u00e9rieure: Simili cuir\/-Simili cuir Couverture: Dur Seul: mat\u00e9riel de haute qualit\u00e9 Contient des parties non textiles d&rsquo;origine animale : oui d\u00e9tails du produit Marque:Guess Mod\u00e8le: Reneey FL7EEY PAF12 Indice: 0000208522854 Conception et style Couleur: Noir Couleur du fabricant : NOIR Type de fermoir : [&hellip;]<\/p>\n","protected":false},"featured_media":10844,"comment_status":"open","ping_status":"closed","template":"","meta":{"om_disable_all_campaigns":false,"_monsterinsights_skip_tracking":false,"_monsterinsights_sitenote_active":false,"_monsterinsights_sitenote_note":"","_monsterinsights_sitenote_category":0},"product_cat":[18],"product_tag":[],"class_list":["post-10851","product","type-product","status-publish","has-post-thumbnail","hentry","product_cat-uncategorized","rtwpvs-product"],"aioseo_notices":[],"jetpack_sharing_enabled":true,"_links":{"self":[{"href":"https:\/\/allinpeek.shop\/index.php\/wp-json\/wp\/v2\/product\/10851","targetHints":{"allow":["GET"]}}],"collection":[{"href":"https:\/\/allinpeek.shop\/index.php\/wp-json\/wp\/v2\/product"}],"about":[{"href":"https:\/\/allinpeek.shop\/index.php\/wp-json\/wp\/v2\/types\/product"}],"replies":[{"embeddable":true,"href":"https:\/\/allinpeek.shop\/index.php\/wp-json\/wp\/v2\/comments?post=10851"}],"wp:featuredmedia":[{"embeddable":true,"href":"https:\/\/allinpeek.shop\/index.php\/wp-json\/wp\/v2\/media\/10844"}],"wp:attachment":[{"href":"https:\/\/allinpeek.shop\/index.php\/wp-json\/wp\/v2\/media?parent=10851"}],"wp:term":[{"taxonomy":"product_cat","embeddable":true,"href":"https:\/\/allinpeek.shop\/index.php\/wp-json\/wp\/v2\/product_cat?post=10851"},{"taxonomy":"product_tag","embeddable":true,"href":"https:\/\/allinpeek.shop\/index.php\/wp-json\/wp\/v2\/product_tag?post=10851"}],"curies":[{"name":"wp","href":"https:\/\/api.w.org\/{rel}","templated":true}]}}