{"id":10759,"date":"2024-05-30T14:22:40","date_gmt":"2024-05-30T13:22:40","guid":{"rendered":"https:\/\/allinpeek.shop\/?post_type=product&#038;p=10759"},"modified":"2025-11-11T17:37:46","modified_gmt":"2025-11-11T17:37:46","slug":"guess-espadrilles-basses-a-logo-ivee-in-black","status":"publish","type":"product","link":"https:\/\/allinpeek.shop\/index.php\/product\/guess-espadrilles-basses-a-logo-ivee-in-black\/","title":{"rendered":"GUESS Espadrilles KIDS basses \u00e0 logo Ivee IN BLACK"},"content":{"rendered":"<p>Pour une finition impeccable de votre allure, ces espadrilles basses en similicuir lisse pr\u00e9sentent le d\u00e9tail du logo perfor\u00e9 sur les c\u00f4t\u00e9s, une fermeture \u00e0 lacets et une breloque logo \u00e0 l&rsquo;arri\u00e8re.<br \/>\nMat\u00e9riau : synth\u00e9tique<br \/>\nStyle: #GWIVEE-B<\/p>\n","protected":false},"excerpt":{"rendered":"<p>Pour une finition impeccable de votre allure, ces espadrilles basses en similicuir lisse pr\u00e9sentent le d\u00e9tail du logo perfor\u00e9 sur les c\u00f4t\u00e9s, une fermeture \u00e0 lacets et une breloque logo \u00e0 l&rsquo;arri\u00e8re. Mat\u00e9riau : synth\u00e9tique Style: #GWIVEE-B<\/p>\n","protected":false},"featured_media":10755,"comment_status":"open","ping_status":"closed","template":"","meta":{"om_disable_all_campaigns":false,"_monsterinsights_skip_tracking":false,"_monsterinsights_sitenote_active":false,"_monsterinsights_sitenote_note":"","_monsterinsights_sitenote_category":0},"product_cat":[60,45,157],"product_tag":[],"class_list":["post-10759","product","type-product","status-publish","has-post-thumbnail","hentry","product_cat-chaussures-femme","product_cat-femme","product_cat-promos","rtwpvs-product"],"aioseo_notices":[],"jetpack_sharing_enabled":true,"_links":{"self":[{"href":"https:\/\/allinpeek.shop\/index.php\/wp-json\/wp\/v2\/product\/10759","targetHints":{"allow":["GET"]}}],"collection":[{"href":"https:\/\/allinpeek.shop\/index.php\/wp-json\/wp\/v2\/product"}],"about":[{"href":"https:\/\/allinpeek.shop\/index.php\/wp-json\/wp\/v2\/types\/product"}],"replies":[{"embeddable":true,"href":"https:\/\/allinpeek.shop\/index.php\/wp-json\/wp\/v2\/comments?post=10759"}],"wp:featuredmedia":[{"embeddable":true,"href":"https:\/\/allinpeek.shop\/index.php\/wp-json\/wp\/v2\/media\/10755"}],"wp:attachment":[{"href":"https:\/\/allinpeek.shop\/index.php\/wp-json\/wp\/v2\/media?parent=10759"}],"wp:term":[{"taxonomy":"product_cat","embeddable":true,"href":"https:\/\/allinpeek.shop\/index.php\/wp-json\/wp\/v2\/product_cat?post=10759"},{"taxonomy":"product_tag","embeddable":true,"href":"https:\/\/allinpeek.shop\/index.php\/wp-json\/wp\/v2\/product_tag?post=10759"}],"curies":[{"name":"wp","href":"https:\/\/api.w.org\/{rel}","templated":true}]}}