{"id":10197,"date":"2024-04-28T15:03:33","date_gmt":"2024-04-28T14:03:33","guid":{"rendered":"https:\/\/allinpeek.shop\/?post_type=product&#038;p=10197"},"modified":"2024-10-14T19:57:18","modified_gmt":"2024-10-14T18:57:18","slug":"timberland-bottine-chukka-courma-kid-pour-enfant-en-jaune","status":"publish","type":"product","link":"https:\/\/allinpeek.shop\/index.php\/product\/timberland-bottine-chukka-courma-kid-pour-enfant-en-jaune\/","title":{"rendered":"TIMBERLAND BOTTINE CHUKKA COURMA KID POUR ENFANT EN JAUNE"},"content":{"rendered":"<p>Mod\u00e8le : TB 0A5SXN231<br \/>\nLes enfants pourront l&rsquo;enfiler et l&rsquo;enlever facilement, gr\u00e2ce \u00e0 sa fermeture \u00e0 lacets traditionnelle accompagn\u00e9e d&rsquo;un zip pratique sur le c\u00f4t\u00e9. Son assise plantaire OrthoLite\u00ae l\u00e9g\u00e8re offre un amorti confortable tandis que sa semelle de propret\u00e9 \u00ab Does it Fit ? \u00bb permet de v\u00e9rifier l&rsquo;ajustement. Ce mod\u00e8le pr\u00e9sente \u00e9galement un cuir et une doublure \u00e9coresponsables.<\/p>\n<p>Tige en cuir Better Leather pleine fleur haut de gamme issu d&rsquo;une tannerie \u00e9coresponsable class\u00e9e Argent pour sa gestion de l&rsquo;eau, de l&rsquo;\u00e9nergie et des d\u00e9chets<br \/>\nDoublure en tissu ReBOTL\u2122 durable avec au moins 50 % de plastique recycl\u00e9<br \/>\nFermeture traditionnelle \u00e0 lacets et zip lat\u00e9ral pratique<br \/>\nAssise plantaire amovible \u00ab Does it Fit? \u00bb pour un ajustement constant de la chaussure<br \/>\nAssise plantaire OrthoLite\u00ae l\u00e9g\u00e8re et respirante pour un amorti accru<br \/>\nSemelle ext\u00e9rieure en caoutchouc offrant un maintien optimal<br \/>\nCARE INSTRUCTIONS:<br \/>\nBrosse Semelle en caoutchouc<\/p>\n<p>Max\u00ae Shoe Shine<\/p>\n<p>Nettoyant<br \/>\nBoot Sauce\u2122 Cleaner<\/p>\n","protected":false},"excerpt":{"rendered":"<p>Mod\u00e8le : TB 0A5SXN231 Les enfants pourront l&rsquo;enfiler et l&rsquo;enlever facilement, gr\u00e2ce \u00e0 sa fermeture \u00e0 lacets traditionnelle accompagn\u00e9e d&rsquo;un zip pratique sur le c\u00f4t\u00e9. Son assise plantaire OrthoLite\u00ae l\u00e9g\u00e8re offre un amorti confortable tandis que sa semelle de propret\u00e9 \u00ab Does it Fit ? \u00bb permet de v\u00e9rifier l&rsquo;ajustement. Ce mod\u00e8le pr\u00e9sente \u00e9galement un [&hellip;]<\/p>\n","protected":false},"featured_media":10193,"comment_status":"open","ping_status":"closed","template":"","meta":{"om_disable_all_campaigns":false,"_monsterinsights_skip_tracking":false,"_monsterinsights_sitenote_active":false,"_monsterinsights_sitenote_note":"","_monsterinsights_sitenote_category":0},"product_cat":[58,56,157],"product_tag":[],"class_list":["post-10197","product","type-product","status-publish","has-post-thumbnail","hentry","product_cat-chaussures","product_cat-enfant","product_cat-promos","rtwpvs-product"],"aioseo_notices":[],"jetpack_sharing_enabled":true,"_links":{"self":[{"href":"https:\/\/allinpeek.shop\/index.php\/wp-json\/wp\/v2\/product\/10197","targetHints":{"allow":["GET"]}}],"collection":[{"href":"https:\/\/allinpeek.shop\/index.php\/wp-json\/wp\/v2\/product"}],"about":[{"href":"https:\/\/allinpeek.shop\/index.php\/wp-json\/wp\/v2\/types\/product"}],"replies":[{"embeddable":true,"href":"https:\/\/allinpeek.shop\/index.php\/wp-json\/wp\/v2\/comments?post=10197"}],"wp:featuredmedia":[{"embeddable":true,"href":"https:\/\/allinpeek.shop\/index.php\/wp-json\/wp\/v2\/media\/10193"}],"wp:attachment":[{"href":"https:\/\/allinpeek.shop\/index.php\/wp-json\/wp\/v2\/media?parent=10197"}],"wp:term":[{"taxonomy":"product_cat","embeddable":true,"href":"https:\/\/allinpeek.shop\/index.php\/wp-json\/wp\/v2\/product_cat?post=10197"},{"taxonomy":"product_tag","embeddable":true,"href":"https:\/\/allinpeek.shop\/index.php\/wp-json\/wp\/v2\/product_tag?post=10197"}],"curies":[{"name":"wp","href":"https:\/\/api.w.org\/{rel}","templated":true}]}}